{"id":3247,"date":"2020-12-12T12:18:40","date_gmt":"2020-12-12T11:18:40","guid":{"rendered":"https:\/\/www.m-o-music.com\/ESHOP\/?post_type=product&#038;p=3247"},"modified":"2025-11-05T11:49:25","modified_gmt":"2025-11-05T10:49:25","slug":"gleewood-sweet-sweet-time","status":"publish","type":"product","link":"https:\/\/www.m-o-music.com\/ESHOP\/produit\/gleewood-sweet-sweet-time\/","title":{"rendered":"Gleewood &#8211; Sweet, Sweet Time"},"content":{"rendered":"<p><span data-sheets-value=\"{&quot;1&quot;:2,&quot;2&quot;:&quot;Gleewood se d\u00e9finit entre une musique Folk acoustique et un Folk Rock Progressif fermement \u00e9tabli dans la sc\u00e8ne musicale Americana d'aujourd'hui. La voix baryton basse robuste et puissante de Jhett Schiavone se m\u00eale \u00e0 la haute soprano de Callie Sioux pour offrir un son intemporel \u00e0 travers la toile vintage de leur instrumentation.&quot;}\" data-sheets-userformat=\"{&quot;2&quot;:14721,&quot;3&quot;:{&quot;1&quot;:0,&quot;3&quot;:1},&quot;10&quot;:2,&quot;11&quot;:0,&quot;14&quot;:{&quot;1&quot;:2,&quot;2&quot;:0},&quot;15&quot;:&quot;Calibri&quot;,&quot;16&quot;:11}\">Gleewood se d\u00e9finit entre une musique Folk acoustique et un Folk Rock Progressif fermement \u00e9tabli dans la sc\u00e8ne musicale Americana d&#8217;aujourd&#8217;hui. La voix baryton basse robuste et puissante de Jhett Schiavone se m\u00eale \u00e0 la haute soprano de Callie Sioux pour offrir un son intemporel \u00e0 travers la toile vintage de leur instrumentation.<\/span><\/p>\n<p>&nbsp;<\/p>\n<p><span data-sheets-value=\"{&quot;1&quot;:2,&quot;2&quot;:&quot;If you want this album on digital stores (Spotify, Itunes, Deezer...) : https:\/\/backl.ink\/294813&quot;}\" data-sheets-userformat=\"{&quot;2&quot;:29181,&quot;3&quot;:{&quot;1&quot;:0,&quot;3&quot;:1},&quot;5&quot;:{&quot;1&quot;:[{&quot;1&quot;:2,&quot;2&quot;:0,&quot;5&quot;:{&quot;1&quot;:2,&quot;2&quot;:0}},{&quot;1&quot;:0,&quot;2&quot;:0,&quot;3&quot;:1},{&quot;1&quot;:1,&quot;2&quot;:0,&quot;4&quot;:1}]},&quot;6&quot;:{&quot;1&quot;:[{&quot;1&quot;:2,&quot;2&quot;:0,&quot;5&quot;:{&quot;1&quot;:2,&quot;2&quot;:0}},{&quot;1&quot;:0,&quot;2&quot;:0,&quot;3&quot;:1},{&quot;1&quot;:1,&quot;2&quot;:0,&quot;4&quot;:1}]},&quot;7&quot;:{&quot;1&quot;:[{&quot;1&quot;:2,&quot;2&quot;:0,&quot;5&quot;:{&quot;1&quot;:2,&quot;2&quot;:0}},{&quot;1&quot;:0,&quot;2&quot;:0,&quot;3&quot;:1},{&quot;1&quot;:1,&quot;2&quot;:0,&quot;4&quot;:1}]},&quot;8&quot;:{&quot;1&quot;:[{&quot;1&quot;:2,&quot;2&quot;:0,&quot;5&quot;:{&quot;1&quot;:2,&quot;2&quot;:0}},{&quot;1&quot;:0,&quot;2&quot;:0,&quot;3&quot;:1},{&quot;1&quot;:1,&quot;2&quot;:0,&quot;4&quot;:1}]},&quot;9&quot;:1,&quot;10&quot;:1,&quot;11&quot;:0,&quot;15&quot;:&quot;Calibri&quot;,&quot;16&quot;:11,&quot;17&quot;:1}\" data-sheets-hyperlink=\"https:\/\/backl.ink\/294813\" data-sheets-textstyleruns=\"{&quot;1&quot;:0,&quot;2&quot;:{&quot;3&quot;:&quot;Calibri&quot;,&quot;4&quot;:11,&quot;5&quot;:1}}\uee10{&quot;1&quot;:72,&quot;2&quot;:{&quot;2&quot;:{&quot;1&quot;:2,&quot;2&quot;:255},&quot;3&quot;:&quot;Calibri&quot;,&quot;4&quot;:11,&quot;5&quot;:1}}\"><a class=\"in-cell-link\" href=\"https:\/\/backl.ink\/294813\" target=\"_blank\" rel=\"noopener\"><img loading=\"lazy\" decoding=\"async\" class=\"alignnone size-full wp-image-3280\" src=\"https:\/\/www.m-o-music.com\/ESHOP\/wp-content\/uploads\/2020\/12\/digital-bouton-M-O-M.png\" alt=\"\" width=\"230\" height=\"61\" \/><\/a><\/span><\/p>\n<p><span data-sheets-value=\"{&quot;1&quot;:2,&quot;2&quot;:&quot;If you want this album on digital stores (Spotify, Itunes, Deezer...) : https:\/\/backl.ink\/294813&quot;}\" data-sheets-userformat=\"{&quot;2&quot;:29181,&quot;3&quot;:{&quot;1&quot;:0,&quot;3&quot;:1},&quot;5&quot;:{&quot;1&quot;:[{&quot;1&quot;:2,&quot;2&quot;:0,&quot;5&quot;:{&quot;1&quot;:2,&quot;2&quot;:0}},{&quot;1&quot;:0,&quot;2&quot;:0,&quot;3&quot;:1},{&quot;1&quot;:1,&quot;2&quot;:0,&quot;4&quot;:1}]},&quot;6&quot;:{&quot;1&quot;:[{&quot;1&quot;:2,&quot;2&quot;:0,&quot;5&quot;:{&quot;1&quot;:2,&quot;2&quot;:0}},{&quot;1&quot;:0,&quot;2&quot;:0,&quot;3&quot;:1},{&quot;1&quot;:1,&quot;2&quot;:0,&quot;4&quot;:1}]},&quot;7&quot;:{&quot;1&quot;:[{&quot;1&quot;:2,&quot;2&quot;:0,&quot;5&quot;:{&quot;1&quot;:2,&quot;2&quot;:0}},{&quot;1&quot;:0,&quot;2&quot;:0,&quot;3&quot;:1},{&quot;1&quot;:1,&quot;2&quot;:0,&quot;4&quot;:1}]},&quot;8&quot;:{&quot;1&quot;:[{&quot;1&quot;:2,&quot;2&quot;:0,&quot;5&quot;:{&quot;1&quot;:2,&quot;2&quot;:0}},{&quot;1&quot;:0,&quot;2&quot;:0,&quot;3&quot;:1},{&quot;1&quot;:1,&quot;2&quot;:0,&quot;4&quot;:1}]},&quot;9&quot;:1,&quot;10&quot;:1,&quot;11&quot;:0,&quot;15&quot;:&quot;Calibri&quot;,&quot;16&quot;:11,&quot;17&quot;:1}\" data-sheets-hyperlink=\"https:\/\/backl.ink\/294813\" data-sheets-textstyleruns=\"{&quot;1&quot;:0,&quot;2&quot;:{&quot;3&quot;:&quot;Calibri&quot;,&quot;4&quot;:11,&quot;5&quot;:1}}\uee10{&quot;1&quot;:72,&quot;2&quot;:{&quot;2&quot;:{&quot;1&quot;:2,&quot;2&quot;:255},&quot;3&quot;:&quot;Calibri&quot;,&quot;4&quot;:11,&quot;5&quot;:1}}\"><a class=\"in-cell-link\" href=\"https:\/\/backl.ink\/294813\" target=\"_blank\" rel=\"noopener\">If you want this album on digital stores (Spotify, Itunes, Deezer&#8230;) : https:\/\/backl.ink\/294813<\/a><\/span><\/p>\n","protected":false},"excerpt":{"rendered":"<p><span data-sheets-value=\"{&quot;1&quot;:2,&quot;2&quot;:&quot;Folk Rock, Blues Rock, Americana&quot;}\" data-sheets-userformat=\"{&quot;2&quot;:12797,&quot;3&quot;:{&quot;1&quot;:0,&quot;3&quot;:1},&quot;5&quot;:{&quot;1&quot;:[{&quot;1&quot;:2,&quot;2&quot;:0,&quot;5&quot;:{&quot;1&quot;:2,&quot;2&quot;:0}},{&quot;1&quot;:0,&quot;2&quot;:0,&quot;3&quot;:1},{&quot;1&quot;:1,&quot;2&quot;:0,&quot;4&quot;:1}]},&quot;6&quot;:{&quot;1&quot;:[{&quot;1&quot;:2,&quot;2&quot;:0,&quot;5&quot;:{&quot;1&quot;:2,&quot;2&quot;:0}},{&quot;1&quot;:0,&quot;2&quot;:0,&quot;3&quot;:1},{&quot;1&quot;:1,&quot;2&quot;:0,&quot;4&quot;:1}]},&quot;7&quot;:{&quot;1&quot;:[{&quot;1&quot;:2,&quot;2&quot;:0,&quot;5&quot;:{&quot;1&quot;:2,&quot;2&quot;:0}},{&quot;1&quot;:0,&quot;2&quot;:0,&quot;3&quot;:1},{&quot;1&quot;:1,&quot;2&quot;:0,&quot;4&quot;:1}]},&quot;8&quot;:{&quot;1&quot;:[{&quot;1&quot;:2,&quot;2&quot;:0,&quot;5&quot;:{&quot;1&quot;:2,&quot;2&quot;:0}},{&quot;1&quot;:0,&quot;2&quot;:0,&quot;3&quot;:1},{&quot;1&quot;:1,&quot;2&quot;:0,&quot;4&quot;:1}]},&quot;9&quot;:1,&quot;10&quot;:1,&quot;11&quot;:4,&quot;15&quot;:&quot;Calibri&quot;,&quot;16&quot;:11}\">Folk Rock, Blues Rock, Americana<\/span><\/p>\n<p><span data-sheets-value=\"{&quot;1&quot;:2,&quot;2&quot;:&quot;Digipack&quot;}\" data-sheets-userformat=\"{&quot;2&quot;:14785,&quot;3&quot;:{&quot;1&quot;:0,&quot;3&quot;:1},&quot;9&quot;:1,&quot;10&quot;:2,&quot;11&quot;:0,&quot;14&quot;:{&quot;1&quot;:2,&quot;2&quot;:0},&quot;15&quot;:&quot;Calibri&quot;,&quot;16&quot;:11}\">Digipack<\/span><\/p>\n<p><span data-sheets-value=\"{&quot;1&quot;:2,&quot;2&quot;:&quot;M&amp;O Music 144&quot;}\" data-sheets-userformat=\"{&quot;2&quot;:14845,&quot;3&quot;:{&quot;1&quot;:0,&quot;3&quot;:1},&quot;5&quot;:{&quot;1&quot;:[{&quot;1&quot;:2,&quot;2&quot;:0,&quot;5&quot;:{&quot;1&quot;:2,&quot;2&quot;:0}},{&quot;1&quot;:0,&quot;2&quot;:0,&quot;3&quot;:1},{&quot;1&quot;:1,&quot;2&quot;:0,&quot;4&quot;:1}]},&quot;6&quot;:{&quot;1&quot;:[{&quot;1&quot;:2,&quot;2&quot;:0,&quot;5&quot;:{&quot;1&quot;:2,&quot;2&quot;:0}},{&quot;1&quot;:0,&quot;2&quot;:0,&quot;3&quot;:1},{&quot;1&quot;:1,&quot;2&quot;:0,&quot;4&quot;:1}]},&quot;7&quot;:{&quot;1&quot;:[{&quot;1&quot;:2,&quot;2&quot;:0,&quot;5&quot;:{&quot;1&quot;:2,&quot;2&quot;:0}},{&quot;1&quot;:0,&quot;2&quot;:0,&quot;3&quot;:1},{&quot;1&quot;:1,&quot;2&quot;:0,&quot;4&quot;:1}]},&quot;8&quot;:{&quot;1&quot;:[{&quot;1&quot;:2,&quot;2&quot;:0,&quot;5&quot;:{&quot;1&quot;:2,&quot;2&quot;:0}},{&quot;1&quot;:0,&quot;2&quot;:0,&quot;3&quot;:1},{&quot;1&quot;:1,&quot;2&quot;:0,&quot;4&quot;:1}]},&quot;9&quot;:1,&quot;10&quot;:1,&quot;11&quot;:0,&quot;14&quot;:{&quot;1&quot;:2,&quot;2&quot;:0},&quot;15&quot;:&quot;Calibri&quot;,&quot;16&quot;:11}\">M&amp;O Music 144 (3663663003589)<\/span><\/p>\n","protected":false},"featured_media":3129,"template":"","meta":{"_monsterinsights_skip_tracking":false,"_monsterinsights_sitenote_active":false,"_monsterinsights_sitenote_note":"","_monsterinsights_sitenote_category":0},"product_brand":[],"product_cat":[15,74],"product_tag":[],"wf_product_folders":[70,87],"class_list":{"0":"post-3247","1":"product","2":"type-product","3":"status-publish","4":"has-post-thumbnail","6":"product_cat-albums","7":"product_cat-rock","9":"first","10":"instock","11":"taxable","12":"shipping-taxable","13":"purchasable","14":"product-type-simple"},"yoast_head":"<!-- This site is optimized with the Yoast SEO Premium plugin v27.1 (Yoast SEO v27.4) - https:\/\/yoast.com\/product\/yoast-seo-premium-wordpress\/ -->\n<title>M&amp;O Music - Gleewood - Sweet, Sweet Time<\/title>\n<meta name=\"description\" content=\"M&amp;O Music - Gleewood - Sweet, Sweet Time Folk Rock, Blues Rock, Americana Digipack M&amp;O Music 144 (3663663003589)\" \/>\n<meta name=\"robots\" content=\"index, follow, max-snippet:-1, max-image-preview:large, max-video-preview:-1\" \/>\n<link rel=\"canonical\" href=\"https:\/\/www.m-o-music.com\/ESHOP\/produit\/gleewood-sweet-sweet-time\/\" \/>\n<meta property=\"og:locale\" content=\"fr_FR\" \/>\n<meta property=\"og:type\" content=\"article\" \/>\n<meta property=\"og:title\" content=\"M&amp;O Music - Gleewood - Sweet, Sweet Time\" \/>\n<meta property=\"og:description\" content=\"M&amp;O Music - Gleewood - Sweet, Sweet Time Folk Rock, Blues Rock, Americana Digipack M&amp;O Music 144 (3663663003589)\" \/>\n<meta property=\"og:url\" content=\"https:\/\/www.m-o-music.com\/ESHOP\/produit\/gleewood-sweet-sweet-time\/\" \/>\n<meta property=\"og:site_name\" content=\"M&amp;O Music\" \/>\n<meta property=\"article:modified_time\" content=\"2025-11-05T10:49:25+00:00\" \/>\n<meta property=\"og:image\" content=\"https:\/\/www.m-o-music.com\/ESHOP\/wp-content\/uploads\/2020\/12\/Gleewood-cover.jpg\" \/>\n\t<meta property=\"og:image:width\" content=\"1459\" \/>\n\t<meta property=\"og:image:height\" content=\"1459\" \/>\n\t<meta property=\"og:image:type\" content=\"image\/jpeg\" \/>\n<meta name=\"twitter:card\" content=\"summary_large_image\" \/>\n<script type=\"application\/ld+json\" class=\"yoast-schema-graph\">{\"@context\":\"https:\\\/\\\/schema.org\",\"@graph\":[{\"@type\":\"WebPage\",\"@id\":\"https:\\\/\\\/www.m-o-music.com\\\/ESHOP\\\/produit\\\/gleewood-sweet-sweet-time\\\/\",\"url\":\"https:\\\/\\\/www.m-o-music.com\\\/ESHOP\\\/produit\\\/gleewood-sweet-sweet-time\\\/\",\"name\":\"M&amp;O Music - Gleewood - Sweet, Sweet Time\",\"isPartOf\":{\"@id\":\"https:\\\/\\\/www.m-o-music.com\\\/ESHOP\\\/#website\"},\"primaryImageOfPage\":{\"@id\":\"https:\\\/\\\/www.m-o-music.com\\\/ESHOP\\\/produit\\\/gleewood-sweet-sweet-time\\\/#primaryimage\"},\"image\":{\"@id\":\"https:\\\/\\\/www.m-o-music.com\\\/ESHOP\\\/produit\\\/gleewood-sweet-sweet-time\\\/#primaryimage\"},\"thumbnailUrl\":\"https:\\\/\\\/www.m-o-music.com\\\/ESHOP\\\/wp-content\\\/uploads\\\/2020\\\/12\\\/Gleewood-cover.jpg\",\"datePublished\":\"2020-12-12T11:18:40+00:00\",\"dateModified\":\"2025-11-05T10:49:25+00:00\",\"description\":\"M&amp;O Music - Gleewood - Sweet, Sweet Time Folk Rock, Blues Rock, Americana Digipack M&amp;O Music 144 (3663663003589)\",\"breadcrumb\":{\"@id\":\"https:\\\/\\\/www.m-o-music.com\\\/ESHOP\\\/produit\\\/gleewood-sweet-sweet-time\\\/#breadcrumb\"},\"inLanguage\":\"fr-FR\",\"potentialAction\":[{\"@type\":\"ReadAction\",\"target\":[\"https:\\\/\\\/www.m-o-music.com\\\/ESHOP\\\/produit\\\/gleewood-sweet-sweet-time\\\/\"]}]},{\"@type\":\"ImageObject\",\"inLanguage\":\"fr-FR\",\"@id\":\"https:\\\/\\\/www.m-o-music.com\\\/ESHOP\\\/produit\\\/gleewood-sweet-sweet-time\\\/#primaryimage\",\"url\":\"https:\\\/\\\/www.m-o-music.com\\\/ESHOP\\\/wp-content\\\/uploads\\\/2020\\\/12\\\/Gleewood-cover.jpg\",\"contentUrl\":\"https:\\\/\\\/www.m-o-music.com\\\/ESHOP\\\/wp-content\\\/uploads\\\/2020\\\/12\\\/Gleewood-cover.jpg\",\"width\":1459,\"height\":1459},{\"@type\":\"BreadcrumbList\",\"@id\":\"https:\\\/\\\/www.m-o-music.com\\\/ESHOP\\\/produit\\\/gleewood-sweet-sweet-time\\\/#breadcrumb\",\"itemListElement\":[{\"@type\":\"ListItem\",\"position\":1,\"name\":\"Accueil\",\"item\":\"https:\\\/\\\/www.m-o-music.com\\\/ESHOP\\\/\"},{\"@type\":\"ListItem\",\"position\":2,\"name\":\"E-SHOP\",\"item\":\"https:\\\/\\\/www.m-o-music.com\\\/ESHOP\\\/\"},{\"@type\":\"ListItem\",\"position\":3,\"name\":\"Gleewood &#8211; Sweet, Sweet Time\"}]},{\"@type\":\"WebSite\",\"@id\":\"https:\\\/\\\/www.m-o-music.com\\\/ESHOP\\\/#website\",\"url\":\"https:\\\/\\\/www.m-o-music.com\\\/ESHOP\\\/\",\"name\":\"M&O Music\",\"description\":\"E-SHOP\",\"publisher\":{\"@id\":\"https:\\\/\\\/www.m-o-music.com\\\/ESHOP\\\/#organization\"},\"alternateName\":\"Boutique du label metal rock\",\"potentialAction\":[{\"@type\":\"SearchAction\",\"target\":{\"@type\":\"EntryPoint\",\"urlTemplate\":\"https:\\\/\\\/www.m-o-music.com\\\/ESHOP\\\/?s={search_term_string}\"},\"query-input\":{\"@type\":\"PropertyValueSpecification\",\"valueRequired\":true,\"valueName\":\"search_term_string\"}}],\"inLanguage\":\"fr-FR\"},{\"@type\":\"Organization\",\"@id\":\"https:\\\/\\\/www.m-o-music.com\\\/ESHOP\\\/#organization\",\"name\":\"M & O Music\",\"alternateName\":\"Label metal rock\",\"url\":\"https:\\\/\\\/www.m-o-music.com\\\/ESHOP\\\/\",\"logo\":{\"@type\":\"ImageObject\",\"inLanguage\":\"fr-FR\",\"@id\":\"https:\\\/\\\/www.m-o-music.com\\\/ESHOP\\\/#\\\/schema\\\/logo\\\/image\\\/\",\"url\":\"https:\\\/\\\/www.m-o-music.com\\\/ESHOP\\\/wp-content\\\/uploads\\\/2020\\\/12\\\/MetO-logo-ss-barres.jpg\",\"contentUrl\":\"https:\\\/\\\/www.m-o-music.com\\\/ESHOP\\\/wp-content\\\/uploads\\\/2020\\\/12\\\/MetO-logo-ss-barres.jpg\",\"width\":1122,\"height\":353,\"caption\":\"M & O Music\"},\"image\":{\"@id\":\"https:\\\/\\\/www.m-o-music.com\\\/ESHOP\\\/#\\\/schema\\\/logo\\\/image\\\/\"}}]}<\/script>\n<!-- \/ Yoast SEO Premium plugin. -->","yoast_head_json":{"title":"M&amp;O Music - Gleewood - Sweet, Sweet Time","description":"M&amp;O Music - Gleewood - Sweet, Sweet Time Folk Rock, Blues Rock, Americana Digipack M&amp;O Music 144 (3663663003589)","robots":{"index":"index","follow":"follow","max-snippet":"max-snippet:-1","max-image-preview":"max-image-preview:large","max-video-preview":"max-video-preview:-1"},"canonical":"https:\/\/www.m-o-music.com\/ESHOP\/produit\/gleewood-sweet-sweet-time\/","og_locale":"fr_FR","og_type":"article","og_title":"M&amp;O Music - Gleewood - Sweet, Sweet Time","og_description":"M&amp;O Music - Gleewood - Sweet, Sweet Time Folk Rock, Blues Rock, Americana Digipack M&amp;O Music 144 (3663663003589)","og_url":"https:\/\/www.m-o-music.com\/ESHOP\/produit\/gleewood-sweet-sweet-time\/","og_site_name":"M&amp;O Music","article_modified_time":"2025-11-05T10:49:25+00:00","og_image":[{"width":1459,"height":1459,"url":"https:\/\/www.m-o-music.com\/ESHOP\/wp-content\/uploads\/2020\/12\/Gleewood-cover.jpg","type":"image\/jpeg"}],"twitter_card":"summary_large_image","schema":{"@context":"https:\/\/schema.org","@graph":[{"@type":"WebPage","@id":"https:\/\/www.m-o-music.com\/ESHOP\/produit\/gleewood-sweet-sweet-time\/","url":"https:\/\/www.m-o-music.com\/ESHOP\/produit\/gleewood-sweet-sweet-time\/","name":"M&amp;O Music - Gleewood - Sweet, Sweet Time","isPartOf":{"@id":"https:\/\/www.m-o-music.com\/ESHOP\/#website"},"primaryImageOfPage":{"@id":"https:\/\/www.m-o-music.com\/ESHOP\/produit\/gleewood-sweet-sweet-time\/#primaryimage"},"image":{"@id":"https:\/\/www.m-o-music.com\/ESHOP\/produit\/gleewood-sweet-sweet-time\/#primaryimage"},"thumbnailUrl":"https:\/\/www.m-o-music.com\/ESHOP\/wp-content\/uploads\/2020\/12\/Gleewood-cover.jpg","datePublished":"2020-12-12T11:18:40+00:00","dateModified":"2025-11-05T10:49:25+00:00","description":"M&amp;O Music - Gleewood - Sweet, Sweet Time Folk Rock, Blues Rock, Americana Digipack M&amp;O Music 144 (3663663003589)","breadcrumb":{"@id":"https:\/\/www.m-o-music.com\/ESHOP\/produit\/gleewood-sweet-sweet-time\/#breadcrumb"},"inLanguage":"fr-FR","potentialAction":[{"@type":"ReadAction","target":["https:\/\/www.m-o-music.com\/ESHOP\/produit\/gleewood-sweet-sweet-time\/"]}]},{"@type":"ImageObject","inLanguage":"fr-FR","@id":"https:\/\/www.m-o-music.com\/ESHOP\/produit\/gleewood-sweet-sweet-time\/#primaryimage","url":"https:\/\/www.m-o-music.com\/ESHOP\/wp-content\/uploads\/2020\/12\/Gleewood-cover.jpg","contentUrl":"https:\/\/www.m-o-music.com\/ESHOP\/wp-content\/uploads\/2020\/12\/Gleewood-cover.jpg","width":1459,"height":1459},{"@type":"BreadcrumbList","@id":"https:\/\/www.m-o-music.com\/ESHOP\/produit\/gleewood-sweet-sweet-time\/#breadcrumb","itemListElement":[{"@type":"ListItem","position":1,"name":"Accueil","item":"https:\/\/www.m-o-music.com\/ESHOP\/"},{"@type":"ListItem","position":2,"name":"E-SHOP","item":"https:\/\/www.m-o-music.com\/ESHOP\/"},{"@type":"ListItem","position":3,"name":"Gleewood &#8211; Sweet, Sweet Time"}]},{"@type":"WebSite","@id":"https:\/\/www.m-o-music.com\/ESHOP\/#website","url":"https:\/\/www.m-o-music.com\/ESHOP\/","name":"M&O Music","description":"E-SHOP","publisher":{"@id":"https:\/\/www.m-o-music.com\/ESHOP\/#organization"},"alternateName":"Boutique du label metal rock","potentialAction":[{"@type":"SearchAction","target":{"@type":"EntryPoint","urlTemplate":"https:\/\/www.m-o-music.com\/ESHOP\/?s={search_term_string}"},"query-input":{"@type":"PropertyValueSpecification","valueRequired":true,"valueName":"search_term_string"}}],"inLanguage":"fr-FR"},{"@type":"Organization","@id":"https:\/\/www.m-o-music.com\/ESHOP\/#organization","name":"M & O Music","alternateName":"Label metal rock","url":"https:\/\/www.m-o-music.com\/ESHOP\/","logo":{"@type":"ImageObject","inLanguage":"fr-FR","@id":"https:\/\/www.m-o-music.com\/ESHOP\/#\/schema\/logo\/image\/","url":"https:\/\/www.m-o-music.com\/ESHOP\/wp-content\/uploads\/2020\/12\/MetO-logo-ss-barres.jpg","contentUrl":"https:\/\/www.m-o-music.com\/ESHOP\/wp-content\/uploads\/2020\/12\/MetO-logo-ss-barres.jpg","width":1122,"height":353,"caption":"M & O Music"},"image":{"@id":"https:\/\/www.m-o-music.com\/ESHOP\/#\/schema\/logo\/image\/"}}]}},"_links":{"self":[{"href":"https:\/\/www.m-o-music.com\/ESHOP\/wp-json\/wp\/v2\/product\/3247","targetHints":{"allow":["GET"]}}],"collection":[{"href":"https:\/\/www.m-o-music.com\/ESHOP\/wp-json\/wp\/v2\/product"}],"about":[{"href":"https:\/\/www.m-o-music.com\/ESHOP\/wp-json\/wp\/v2\/types\/product"}],"wp:featuredmedia":[{"embeddable":true,"href":"https:\/\/www.m-o-music.com\/ESHOP\/wp-json\/wp\/v2\/media\/3129"}],"wp:attachment":[{"href":"https:\/\/www.m-o-music.com\/ESHOP\/wp-json\/wp\/v2\/media?parent=3247"}],"wp:term":[{"taxonomy":"product_brand","embeddable":true,"href":"https:\/\/www.m-o-music.com\/ESHOP\/wp-json\/wp\/v2\/product_brand?post=3247"},{"taxonomy":"product_cat","embeddable":true,"href":"https:\/\/www.m-o-music.com\/ESHOP\/wp-json\/wp\/v2\/product_cat?post=3247"},{"taxonomy":"product_tag","embeddable":true,"href":"https:\/\/www.m-o-music.com\/ESHOP\/wp-json\/wp\/v2\/product_tag?post=3247"},{"taxonomy":"wf_product_folders","embeddable":true,"href":"https:\/\/www.m-o-music.com\/ESHOP\/wp-json\/wp\/v2\/wf_product_folders?post=3247"}],"curies":[{"name":"wp","href":"https:\/\/api.w.org\/{rel}","templated":true}]}}