{"id":4033,"date":"2022-04-22T16:26:06","date_gmt":"2022-04-22T14:26:06","guid":{"rendered":"https:\/\/www.m-o-music.com\/ESHOP\/?post_type=product&#038;p=4033"},"modified":"2022-07-07T15:29:51","modified_gmt":"2022-07-07T13:29:51","slug":"momusic-decapsuleuraimantee","status":"publish","type":"product","link":"https:\/\/www.m-o-music.com\/ESHOP\/produit\/momusic-decapsuleuraimantee\/","title":{"rendered":"M&#038;O Music &#8211; D\u00e9capsuleur aimant\u00e9"},"content":{"rendered":"","protected":false},"excerpt":{"rendered":"","protected":false},"featured_media":4084,"template":"","meta":{"_monsterinsights_skip_tracking":false,"_monsterinsights_sitenote_active":false,"_monsterinsights_sitenote_note":"","_monsterinsights_sitenote_category":0},"product_brand":[],"product_cat":[92,90],"product_tag":[],"wf_product_folders":[95,93],"class_list":{"0":"post-4033","1":"product","2":"type-product","3":"status-publish","4":"has-post-thumbnail","6":"product_cat-accessoires","7":"product_cat-merchandising","9":"first","10":"instock","11":"taxable","12":"shipping-taxable","13":"purchasable","14":"product-type-simple"},"yoast_head":"<!-- This site is optimized with the Yoast SEO Premium plugin v27.1 (Yoast SEO v27.4) - https:\/\/yoast.com\/product\/yoast-seo-premium-wordpress\/ -->\n<title>M&amp;O Music - M&amp;O Music - D\u00e9capsuleur aimant\u00e9<\/title>\n<meta name=\"description\" content=\"M&amp;O Music - M&amp;O Music - D\u00e9capsuleur aimant\u00e9\" \/>\n<meta name=\"robots\" content=\"index, follow, max-snippet:-1, max-image-preview:large, max-video-preview:-1\" \/>\n<link rel=\"canonical\" href=\"https:\/\/www.m-o-music.com\/ESHOP\/produit\/momusic-decapsuleuraimantee\/\" \/>\n<meta property=\"og:locale\" content=\"fr_FR\" \/>\n<meta property=\"og:type\" content=\"article\" \/>\n<meta property=\"og:title\" content=\"M&amp;O Music - M&amp;O Music - D\u00e9capsuleur aimant\u00e9\" \/>\n<meta property=\"og:description\" content=\"M&amp;O Music - M&amp;O Music - D\u00e9capsuleur aimant\u00e9\" \/>\n<meta property=\"og:url\" content=\"https:\/\/www.m-o-music.com\/ESHOP\/produit\/momusic-decapsuleuraimantee\/\" \/>\n<meta property=\"og:site_name\" content=\"M&amp;O Music\" \/>\n<meta property=\"article:modified_time\" content=\"2022-07-07T13:29:51+00:00\" \/>\n<meta property=\"og:image\" content=\"https:\/\/www.m-o-music.com\/ESHOP\/wp-content\/uploads\/2022\/04\/ESHOP-DECAPSULEUR-scaled.jpg\" \/>\n\t<meta property=\"og:image:width\" content=\"2560\" \/>\n\t<meta property=\"og:image:height\" content=\"2560\" \/>\n\t<meta property=\"og:image:type\" content=\"image\/jpeg\" \/>\n<meta name=\"twitter:card\" content=\"summary_large_image\" \/>\n<script type=\"application\/ld+json\" class=\"yoast-schema-graph\">{\"@context\":\"https:\\\/\\\/schema.org\",\"@graph\":[{\"@type\":\"WebPage\",\"@id\":\"https:\\\/\\\/www.m-o-music.com\\\/ESHOP\\\/produit\\\/momusic-decapsuleuraimantee\\\/\",\"url\":\"https:\\\/\\\/www.m-o-music.com\\\/ESHOP\\\/produit\\\/momusic-decapsuleuraimantee\\\/\",\"name\":\"M&amp;O Music - M&O Music - D\u00e9capsuleur aimant\u00e9\",\"isPartOf\":{\"@id\":\"https:\\\/\\\/www.m-o-music.com\\\/ESHOP\\\/#website\"},\"primaryImageOfPage\":{\"@id\":\"https:\\\/\\\/www.m-o-music.com\\\/ESHOP\\\/produit\\\/momusic-decapsuleuraimantee\\\/#primaryimage\"},\"image\":{\"@id\":\"https:\\\/\\\/www.m-o-music.com\\\/ESHOP\\\/produit\\\/momusic-decapsuleuraimantee\\\/#primaryimage\"},\"thumbnailUrl\":\"https:\\\/\\\/www.m-o-music.com\\\/ESHOP\\\/wp-content\\\/uploads\\\/2022\\\/04\\\/ESHOP-DECAPSULEUR-scaled.jpg\",\"datePublished\":\"2022-04-22T14:26:06+00:00\",\"dateModified\":\"2022-07-07T13:29:51+00:00\",\"description\":\"M&amp;O Music - M&O Music - D\u00e9capsuleur aimant\u00e9\",\"breadcrumb\":{\"@id\":\"https:\\\/\\\/www.m-o-music.com\\\/ESHOP\\\/produit\\\/momusic-decapsuleuraimantee\\\/#breadcrumb\"},\"inLanguage\":\"fr-FR\",\"potentialAction\":[{\"@type\":\"ReadAction\",\"target\":[\"https:\\\/\\\/www.m-o-music.com\\\/ESHOP\\\/produit\\\/momusic-decapsuleuraimantee\\\/\"]}]},{\"@type\":\"ImageObject\",\"inLanguage\":\"fr-FR\",\"@id\":\"https:\\\/\\\/www.m-o-music.com\\\/ESHOP\\\/produit\\\/momusic-decapsuleuraimantee\\\/#primaryimage\",\"url\":\"https:\\\/\\\/www.m-o-music.com\\\/ESHOP\\\/wp-content\\\/uploads\\\/2022\\\/04\\\/ESHOP-DECAPSULEUR-scaled.jpg\",\"contentUrl\":\"https:\\\/\\\/www.m-o-music.com\\\/ESHOP\\\/wp-content\\\/uploads\\\/2022\\\/04\\\/ESHOP-DECAPSULEUR-scaled.jpg\",\"width\":2560,\"height\":2560},{\"@type\":\"BreadcrumbList\",\"@id\":\"https:\\\/\\\/www.m-o-music.com\\\/ESHOP\\\/produit\\\/momusic-decapsuleuraimantee\\\/#breadcrumb\",\"itemListElement\":[{\"@type\":\"ListItem\",\"position\":1,\"name\":\"Accueil\",\"item\":\"https:\\\/\\\/www.m-o-music.com\\\/ESHOP\\\/\"},{\"@type\":\"ListItem\",\"position\":2,\"name\":\"E-SHOP\",\"item\":\"https:\\\/\\\/www.m-o-music.com\\\/ESHOP\\\/\"},{\"@type\":\"ListItem\",\"position\":3,\"name\":\"M&#038;O Music &#8211; D\u00e9capsuleur aimant\u00e9\"}]},{\"@type\":\"WebSite\",\"@id\":\"https:\\\/\\\/www.m-o-music.com\\\/ESHOP\\\/#website\",\"url\":\"https:\\\/\\\/www.m-o-music.com\\\/ESHOP\\\/\",\"name\":\"M&O Music\",\"description\":\"E-SHOP\",\"publisher\":{\"@id\":\"https:\\\/\\\/www.m-o-music.com\\\/ESHOP\\\/#organization\"},\"alternateName\":\"Boutique du label metal rock\",\"potentialAction\":[{\"@type\":\"SearchAction\",\"target\":{\"@type\":\"EntryPoint\",\"urlTemplate\":\"https:\\\/\\\/www.m-o-music.com\\\/ESHOP\\\/?s={search_term_string}\"},\"query-input\":{\"@type\":\"PropertyValueSpecification\",\"valueRequired\":true,\"valueName\":\"search_term_string\"}}],\"inLanguage\":\"fr-FR\"},{\"@type\":\"Organization\",\"@id\":\"https:\\\/\\\/www.m-o-music.com\\\/ESHOP\\\/#organization\",\"name\":\"M & O Music\",\"alternateName\":\"Label metal rock\",\"url\":\"https:\\\/\\\/www.m-o-music.com\\\/ESHOP\\\/\",\"logo\":{\"@type\":\"ImageObject\",\"inLanguage\":\"fr-FR\",\"@id\":\"https:\\\/\\\/www.m-o-music.com\\\/ESHOP\\\/#\\\/schema\\\/logo\\\/image\\\/\",\"url\":\"https:\\\/\\\/www.m-o-music.com\\\/ESHOP\\\/wp-content\\\/uploads\\\/2020\\\/12\\\/MetO-logo-ss-barres.jpg\",\"contentUrl\":\"https:\\\/\\\/www.m-o-music.com\\\/ESHOP\\\/wp-content\\\/uploads\\\/2020\\\/12\\\/MetO-logo-ss-barres.jpg\",\"width\":1122,\"height\":353,\"caption\":\"M & O Music\"},\"image\":{\"@id\":\"https:\\\/\\\/www.m-o-music.com\\\/ESHOP\\\/#\\\/schema\\\/logo\\\/image\\\/\"}}]}<\/script>\n<!-- \/ Yoast SEO Premium plugin. -->","yoast_head_json":{"title":"M&amp;O Music - M&O Music - D\u00e9capsuleur aimant\u00e9","description":"M&amp;O Music - M&O Music - D\u00e9capsuleur aimant\u00e9","robots":{"index":"index","follow":"follow","max-snippet":"max-snippet:-1","max-image-preview":"max-image-preview:large","max-video-preview":"max-video-preview:-1"},"canonical":"https:\/\/www.m-o-music.com\/ESHOP\/produit\/momusic-decapsuleuraimantee\/","og_locale":"fr_FR","og_type":"article","og_title":"M&amp;O Music - M&O Music - D\u00e9capsuleur aimant\u00e9","og_description":"M&amp;O Music - M&O Music - D\u00e9capsuleur aimant\u00e9","og_url":"https:\/\/www.m-o-music.com\/ESHOP\/produit\/momusic-decapsuleuraimantee\/","og_site_name":"M&amp;O Music","article_modified_time":"2022-07-07T13:29:51+00:00","og_image":[{"width":2560,"height":2560,"url":"https:\/\/www.m-o-music.com\/ESHOP\/wp-content\/uploads\/2022\/04\/ESHOP-DECAPSULEUR-scaled.jpg","type":"image\/jpeg"}],"twitter_card":"summary_large_image","schema":{"@context":"https:\/\/schema.org","@graph":[{"@type":"WebPage","@id":"https:\/\/www.m-o-music.com\/ESHOP\/produit\/momusic-decapsuleuraimantee\/","url":"https:\/\/www.m-o-music.com\/ESHOP\/produit\/momusic-decapsuleuraimantee\/","name":"M&amp;O Music - M&O Music - D\u00e9capsuleur aimant\u00e9","isPartOf":{"@id":"https:\/\/www.m-o-music.com\/ESHOP\/#website"},"primaryImageOfPage":{"@id":"https:\/\/www.m-o-music.com\/ESHOP\/produit\/momusic-decapsuleuraimantee\/#primaryimage"},"image":{"@id":"https:\/\/www.m-o-music.com\/ESHOP\/produit\/momusic-decapsuleuraimantee\/#primaryimage"},"thumbnailUrl":"https:\/\/www.m-o-music.com\/ESHOP\/wp-content\/uploads\/2022\/04\/ESHOP-DECAPSULEUR-scaled.jpg","datePublished":"2022-04-22T14:26:06+00:00","dateModified":"2022-07-07T13:29:51+00:00","description":"M&amp;O Music - M&O Music - D\u00e9capsuleur aimant\u00e9","breadcrumb":{"@id":"https:\/\/www.m-o-music.com\/ESHOP\/produit\/momusic-decapsuleuraimantee\/#breadcrumb"},"inLanguage":"fr-FR","potentialAction":[{"@type":"ReadAction","target":["https:\/\/www.m-o-music.com\/ESHOP\/produit\/momusic-decapsuleuraimantee\/"]}]},{"@type":"ImageObject","inLanguage":"fr-FR","@id":"https:\/\/www.m-o-music.com\/ESHOP\/produit\/momusic-decapsuleuraimantee\/#primaryimage","url":"https:\/\/www.m-o-music.com\/ESHOP\/wp-content\/uploads\/2022\/04\/ESHOP-DECAPSULEUR-scaled.jpg","contentUrl":"https:\/\/www.m-o-music.com\/ESHOP\/wp-content\/uploads\/2022\/04\/ESHOP-DECAPSULEUR-scaled.jpg","width":2560,"height":2560},{"@type":"BreadcrumbList","@id":"https:\/\/www.m-o-music.com\/ESHOP\/produit\/momusic-decapsuleuraimantee\/#breadcrumb","itemListElement":[{"@type":"ListItem","position":1,"name":"Accueil","item":"https:\/\/www.m-o-music.com\/ESHOP\/"},{"@type":"ListItem","position":2,"name":"E-SHOP","item":"https:\/\/www.m-o-music.com\/ESHOP\/"},{"@type":"ListItem","position":3,"name":"M&#038;O Music &#8211; D\u00e9capsuleur aimant\u00e9"}]},{"@type":"WebSite","@id":"https:\/\/www.m-o-music.com\/ESHOP\/#website","url":"https:\/\/www.m-o-music.com\/ESHOP\/","name":"M&O Music","description":"E-SHOP","publisher":{"@id":"https:\/\/www.m-o-music.com\/ESHOP\/#organization"},"alternateName":"Boutique du label metal rock","potentialAction":[{"@type":"SearchAction","target":{"@type":"EntryPoint","urlTemplate":"https:\/\/www.m-o-music.com\/ESHOP\/?s={search_term_string}"},"query-input":{"@type":"PropertyValueSpecification","valueRequired":true,"valueName":"search_term_string"}}],"inLanguage":"fr-FR"},{"@type":"Organization","@id":"https:\/\/www.m-o-music.com\/ESHOP\/#organization","name":"M & O Music","alternateName":"Label metal rock","url":"https:\/\/www.m-o-music.com\/ESHOP\/","logo":{"@type":"ImageObject","inLanguage":"fr-FR","@id":"https:\/\/www.m-o-music.com\/ESHOP\/#\/schema\/logo\/image\/","url":"https:\/\/www.m-o-music.com\/ESHOP\/wp-content\/uploads\/2020\/12\/MetO-logo-ss-barres.jpg","contentUrl":"https:\/\/www.m-o-music.com\/ESHOP\/wp-content\/uploads\/2020\/12\/MetO-logo-ss-barres.jpg","width":1122,"height":353,"caption":"M & O Music"},"image":{"@id":"https:\/\/www.m-o-music.com\/ESHOP\/#\/schema\/logo\/image\/"}}]}},"_links":{"self":[{"href":"https:\/\/www.m-o-music.com\/ESHOP\/wp-json\/wp\/v2\/product\/4033","targetHints":{"allow":["GET"]}}],"collection":[{"href":"https:\/\/www.m-o-music.com\/ESHOP\/wp-json\/wp\/v2\/product"}],"about":[{"href":"https:\/\/www.m-o-music.com\/ESHOP\/wp-json\/wp\/v2\/types\/product"}],"wp:featuredmedia":[{"embeddable":true,"href":"https:\/\/www.m-o-music.com\/ESHOP\/wp-json\/wp\/v2\/media\/4084"}],"wp:attachment":[{"href":"https:\/\/www.m-o-music.com\/ESHOP\/wp-json\/wp\/v2\/media?parent=4033"}],"wp:term":[{"taxonomy":"product_brand","embeddable":true,"href":"https:\/\/www.m-o-music.com\/ESHOP\/wp-json\/wp\/v2\/product_brand?post=4033"},{"taxonomy":"product_cat","embeddable":true,"href":"https:\/\/www.m-o-music.com\/ESHOP\/wp-json\/wp\/v2\/product_cat?post=4033"},{"taxonomy":"product_tag","embeddable":true,"href":"https:\/\/www.m-o-music.com\/ESHOP\/wp-json\/wp\/v2\/product_tag?post=4033"},{"taxonomy":"wf_product_folders","embeddable":true,"href":"https:\/\/www.m-o-music.com\/ESHOP\/wp-json\/wp\/v2\/wf_product_folders?post=4033"}],"curies":[{"name":"wp","href":"https:\/\/api.w.org\/{rel}","templated":true}]}}