{"id":4500,"date":"2023-09-05T16:37:34","date_gmt":"2023-09-05T14:37:34","guid":{"rendered":"https:\/\/www.m-o-music.com\/ESHOP\/?post_type=product&#038;p=4500"},"modified":"2024-03-20T15:35:50","modified_gmt":"2024-03-20T14:35:50","slug":"kaesarian-else-s-home","status":"publish","type":"product","link":"https:\/\/www.m-o-music.com\/ESHOP\/produit\/kaesarian-else-s-home\/","title":{"rendered":"Kaesarian &#8211; Else&#8217;s Home"},"content":{"rendered":"<p><b>&gt; Acheter l\u2019album en version digitale (Spotify, ITunes, Deezer\u2026) : <\/b><a style=\"font-weight: bold;\" href=\"https:\/\/bfan.link\/else-s-home\" target=\"_blank\" rel=\"noopener\">https:\/\/bfan.link\/else-s-home<\/a><\/p>\n<hr \/>\n<p><iframe loading=\"lazy\" title=\"YouTube video player\" src=\"https:\/\/www.youtube.com\/embed\/ZGPwj6buycQ?si=n3U_3Qw9FvuA4_bh\" width=\"560\" height=\"315\" frameborder=\"0\" allowfullscreen=\"allowfullscreen\"><\/iframe><\/p>\n<p><strong>Pour les fans de Rock Alternatif bourr\u00e9 d\u2019\u00e9nergies\u00a0!<\/strong><\/p>\n<p>KAESARIAN est n\u00e9 il y a 3 ans (mont\u00e9 en association). Groupe de Reims, compos\u00e9 de Matthieu \u00e0 la basse, Tony \u00e0 la batterie et au ch\u0153ur et Thomas \u00e0 la guitare et au chant lead, le groupe propose des compositions rock \u00e9nergiques, parsem\u00e9es de moments plus doux et atmosph\u00e9riques. Ecrites anglais, les th\u00e8mes abord\u00e9s sont les relations humaines, l\u2019ambivalence de nos comportements, un peu de revendications en passant un peu par les histoires d\u2019amour&#8230; qui Finissent mal parfois ! La vie quoi !<\/p>\n<p>Apr\u00e8s avoir \u00e9cum\u00e9 diff\u00e9rentes sc\u00e8nes \u00e0 Reims et aux alentours (bars, festivals) le groupe se met en t\u00eate de grandir un peu plus et de s\u2019essayer dans de nouvelles villes aupr\u00e8s de nouveaux publics, de se lancer sur le terrain des tremplins, des festivals plus cons\u00e9quents.<\/p>\n<p>Il s\u2019agit alors d\u2019avoir du contenu ! Le 1er EP est enregistr\u00e9 (5 titres) en Fin d\u2019ann\u00e9e 2021, sorti sur les plates-formes en 2022 ainsi que le premier clip ! L\u2019accueil du public est tr\u00e8s positif. Tournage du 2\u00e8me clip dans la foul\u00e9e et sortie de celui-ci en janvier 2023 ! Ils ne s\u2019arr\u00eatent pas l\u00e0 car leur 2\u00e8me EP est enregistr\u00e9 en mars 2023 (sortie pr\u00e9vue pour la rentr\u00e9e de septembre 2023).<\/p>\n<p>Les projets affluent et la volont\u00e9 d\u2019aller encore plus loin est infaillible ! Jouer sur sc\u00e8ne, faire d\u00e9couvrir leur univers et partager des moments avec les gens&#8230;<\/p>\n<p>&nbsp;<\/p>\n<p>&nbsp;<\/p>\n","protected":false},"excerpt":{"rendered":"<p>Alternative Rock<\/p>\n<p>Digital<\/p>\n<p><span data-sheets-value=\"{&quot;1&quot;:2,&quot;2&quot;:&quot;M&amp;O Music 076&quot;}\" data-sheets-userformat=\"{&quot;2&quot;:14845,&quot;3&quot;:{&quot;1&quot;:0,&quot;3&quot;:1},&quot;5&quot;:{&quot;1&quot;:[{&quot;1&quot;:2,&quot;2&quot;:0,&quot;5&quot;:{&quot;1&quot;:2,&quot;2&quot;:0}},{&quot;1&quot;:0,&quot;2&quot;:0,&quot;3&quot;:1},{&quot;1&quot;:1,&quot;2&quot;:0,&quot;4&quot;:1}]},&quot;6&quot;:{&quot;1&quot;:[{&quot;1&quot;:2,&quot;2&quot;:0,&quot;5&quot;:{&quot;1&quot;:2,&quot;2&quot;:0}},{&quot;1&quot;:0,&quot;2&quot;:0,&quot;3&quot;:1},{&quot;1&quot;:1,&quot;2&quot;:0,&quot;4&quot;:1}]},&quot;7&quot;:{&quot;1&quot;:[{&quot;1&quot;:2,&quot;2&quot;:0,&quot;5&quot;:{&quot;1&quot;:2,&quot;2&quot;:0}},{&quot;1&quot;:0,&quot;2&quot;:0,&quot;3&quot;:1},{&quot;1&quot;:1,&quot;2&quot;:0,&quot;4&quot;:1}]},&quot;8&quot;:{&quot;1&quot;:[{&quot;1&quot;:2,&quot;2&quot;:0,&quot;5&quot;:{&quot;1&quot;:2,&quot;2&quot;:0}},{&quot;1&quot;:0,&quot;2&quot;:0,&quot;3&quot;:1},{&quot;1&quot;:1,&quot;2&quot;:0,&quot;4&quot;:1}]},&quot;9&quot;:1,&quot;10&quot;:1,&quot;11&quot;:0,&quot;14&quot;:{&quot;1&quot;:2,&quot;2&quot;:0},&quot;15&quot;:&quot;Calibri&quot;,&quot;16&quot;:11}\">M&amp;O Music 367-B<\/span><\/p>\n","protected":false},"featured_media":4501,"template":"","meta":{"_monsterinsights_skip_tracking":false,"_monsterinsights_sitenote_active":false,"_monsterinsights_sitenote_note":"","_monsterinsights_sitenote_category":0},"product_brand":[],"product_cat":[15,74],"product_tag":[],"wf_product_folders":[70,87],"class_list":{"0":"post-4500","1":"product","2":"type-product","3":"status-publish","4":"has-post-thumbnail","6":"product_cat-albums","7":"product_cat-rock","9":"first","10":"instock","11":"taxable","12":"shipping-taxable","13":"product-type-external"},"yoast_head":"<!-- This site is optimized with the Yoast SEO Premium plugin v27.1 (Yoast SEO v27.4) - https:\/\/yoast.com\/product\/yoast-seo-premium-wordpress\/ -->\n<title>M&amp;O Music - Kaesarian - Else&#039;s Home<\/title>\n<meta name=\"description\" content=\"M&amp;O Music - Kaesarian - Else&#039;s Home Alternative Rock Digital M&amp;O Music 367-B\" \/>\n<meta name=\"robots\" content=\"index, follow, max-snippet:-1, max-image-preview:large, max-video-preview:-1\" \/>\n<link rel=\"canonical\" href=\"https:\/\/www.m-o-music.com\/ESHOP\/produit\/kaesarian-else-s-home\/\" \/>\n<meta property=\"og:locale\" content=\"fr_FR\" \/>\n<meta property=\"og:type\" content=\"article\" \/>\n<meta property=\"og:title\" content=\"M&amp;O Music - Kaesarian - Else&#039;s Home\" \/>\n<meta property=\"og:description\" content=\"M&amp;O Music - Kaesarian - Else&#039;s Home Alternative Rock Digital M&amp;O Music 367-B\" \/>\n<meta property=\"og:url\" content=\"https:\/\/www.m-o-music.com\/ESHOP\/produit\/kaesarian-else-s-home\/\" \/>\n<meta property=\"og:site_name\" content=\"M&amp;O Music\" \/>\n<meta property=\"article:modified_time\" content=\"2024-03-20T14:35:50+00:00\" \/>\n<meta property=\"og:image\" content=\"https:\/\/www.m-o-music.com\/ESHOP\/wp-content\/uploads\/2023\/09\/Kaesarian-Cover.jpg\" \/>\n\t<meta property=\"og:image:width\" content=\"685\" \/>\n\t<meta property=\"og:image:height\" content=\"689\" \/>\n\t<meta property=\"og:image:type\" content=\"image\/jpeg\" \/>\n<meta name=\"twitter:card\" content=\"summary_large_image\" \/>\n<meta name=\"twitter:label1\" content=\"Dur\u00e9e de lecture estim\u00e9e\" \/>\n\t<meta name=\"twitter:data1\" content=\"1 minute\" \/>\n<script type=\"application\/ld+json\" class=\"yoast-schema-graph\">{\"@context\":\"https:\\\/\\\/schema.org\",\"@graph\":[{\"@type\":\"WebPage\",\"@id\":\"https:\\\/\\\/www.m-o-music.com\\\/ESHOP\\\/produit\\\/kaesarian-else-s-home\\\/\",\"url\":\"https:\\\/\\\/www.m-o-music.com\\\/ESHOP\\\/produit\\\/kaesarian-else-s-home\\\/\",\"name\":\"M&amp;O Music - Kaesarian - Else's Home\",\"isPartOf\":{\"@id\":\"https:\\\/\\\/www.m-o-music.com\\\/ESHOP\\\/#website\"},\"primaryImageOfPage\":{\"@id\":\"https:\\\/\\\/www.m-o-music.com\\\/ESHOP\\\/produit\\\/kaesarian-else-s-home\\\/#primaryimage\"},\"image\":{\"@id\":\"https:\\\/\\\/www.m-o-music.com\\\/ESHOP\\\/produit\\\/kaesarian-else-s-home\\\/#primaryimage\"},\"thumbnailUrl\":\"https:\\\/\\\/www.m-o-music.com\\\/ESHOP\\\/wp-content\\\/uploads\\\/2023\\\/09\\\/Kaesarian-Cover.jpg\",\"datePublished\":\"2023-09-05T14:37:34+00:00\",\"dateModified\":\"2024-03-20T14:35:50+00:00\",\"description\":\"M&amp;O Music - Kaesarian - Else's Home Alternative Rock Digital M&amp;O Music 367-B\",\"breadcrumb\":{\"@id\":\"https:\\\/\\\/www.m-o-music.com\\\/ESHOP\\\/produit\\\/kaesarian-else-s-home\\\/#breadcrumb\"},\"inLanguage\":\"fr-FR\",\"potentialAction\":[{\"@type\":\"ReadAction\",\"target\":[\"https:\\\/\\\/www.m-o-music.com\\\/ESHOP\\\/produit\\\/kaesarian-else-s-home\\\/\"]}]},{\"@type\":\"ImageObject\",\"inLanguage\":\"fr-FR\",\"@id\":\"https:\\\/\\\/www.m-o-music.com\\\/ESHOP\\\/produit\\\/kaesarian-else-s-home\\\/#primaryimage\",\"url\":\"https:\\\/\\\/www.m-o-music.com\\\/ESHOP\\\/wp-content\\\/uploads\\\/2023\\\/09\\\/Kaesarian-Cover.jpg\",\"contentUrl\":\"https:\\\/\\\/www.m-o-music.com\\\/ESHOP\\\/wp-content\\\/uploads\\\/2023\\\/09\\\/Kaesarian-Cover.jpg\",\"width\":685,\"height\":689},{\"@type\":\"BreadcrumbList\",\"@id\":\"https:\\\/\\\/www.m-o-music.com\\\/ESHOP\\\/produit\\\/kaesarian-else-s-home\\\/#breadcrumb\",\"itemListElement\":[{\"@type\":\"ListItem\",\"position\":1,\"name\":\"Accueil\",\"item\":\"https:\\\/\\\/www.m-o-music.com\\\/ESHOP\\\/\"},{\"@type\":\"ListItem\",\"position\":2,\"name\":\"E-SHOP\",\"item\":\"https:\\\/\\\/www.m-o-music.com\\\/ESHOP\\\/\"},{\"@type\":\"ListItem\",\"position\":3,\"name\":\"Kaesarian &#8211; Else&#8217;s Home\"}]},{\"@type\":\"WebSite\",\"@id\":\"https:\\\/\\\/www.m-o-music.com\\\/ESHOP\\\/#website\",\"url\":\"https:\\\/\\\/www.m-o-music.com\\\/ESHOP\\\/\",\"name\":\"M&O Music\",\"description\":\"E-SHOP\",\"publisher\":{\"@id\":\"https:\\\/\\\/www.m-o-music.com\\\/ESHOP\\\/#organization\"},\"alternateName\":\"Boutique du label metal rock\",\"potentialAction\":[{\"@type\":\"SearchAction\",\"target\":{\"@type\":\"EntryPoint\",\"urlTemplate\":\"https:\\\/\\\/www.m-o-music.com\\\/ESHOP\\\/?s={search_term_string}\"},\"query-input\":{\"@type\":\"PropertyValueSpecification\",\"valueRequired\":true,\"valueName\":\"search_term_string\"}}],\"inLanguage\":\"fr-FR\"},{\"@type\":\"Organization\",\"@id\":\"https:\\\/\\\/www.m-o-music.com\\\/ESHOP\\\/#organization\",\"name\":\"M & O Music\",\"alternateName\":\"Label metal rock\",\"url\":\"https:\\\/\\\/www.m-o-music.com\\\/ESHOP\\\/\",\"logo\":{\"@type\":\"ImageObject\",\"inLanguage\":\"fr-FR\",\"@id\":\"https:\\\/\\\/www.m-o-music.com\\\/ESHOP\\\/#\\\/schema\\\/logo\\\/image\\\/\",\"url\":\"https:\\\/\\\/www.m-o-music.com\\\/ESHOP\\\/wp-content\\\/uploads\\\/2020\\\/12\\\/MetO-logo-ss-barres.jpg\",\"contentUrl\":\"https:\\\/\\\/www.m-o-music.com\\\/ESHOP\\\/wp-content\\\/uploads\\\/2020\\\/12\\\/MetO-logo-ss-barres.jpg\",\"width\":1122,\"height\":353,\"caption\":\"M & O Music\"},\"image\":{\"@id\":\"https:\\\/\\\/www.m-o-music.com\\\/ESHOP\\\/#\\\/schema\\\/logo\\\/image\\\/\"}}]}<\/script>\n<!-- \/ Yoast SEO Premium plugin. -->","yoast_head_json":{"title":"M&amp;O Music - Kaesarian - Else's Home","description":"M&amp;O Music - Kaesarian - Else's Home Alternative Rock Digital M&amp;O Music 367-B","robots":{"index":"index","follow":"follow","max-snippet":"max-snippet:-1","max-image-preview":"max-image-preview:large","max-video-preview":"max-video-preview:-1"},"canonical":"https:\/\/www.m-o-music.com\/ESHOP\/produit\/kaesarian-else-s-home\/","og_locale":"fr_FR","og_type":"article","og_title":"M&amp;O Music - Kaesarian - Else's Home","og_description":"M&amp;O Music - Kaesarian - Else's Home Alternative Rock Digital M&amp;O Music 367-B","og_url":"https:\/\/www.m-o-music.com\/ESHOP\/produit\/kaesarian-else-s-home\/","og_site_name":"M&amp;O Music","article_modified_time":"2024-03-20T14:35:50+00:00","og_image":[{"width":685,"height":689,"url":"https:\/\/www.m-o-music.com\/ESHOP\/wp-content\/uploads\/2023\/09\/Kaesarian-Cover.jpg","type":"image\/jpeg"}],"twitter_card":"summary_large_image","twitter_misc":{"Dur\u00e9e de lecture estim\u00e9e":"1 minute"},"schema":{"@context":"https:\/\/schema.org","@graph":[{"@type":"WebPage","@id":"https:\/\/www.m-o-music.com\/ESHOP\/produit\/kaesarian-else-s-home\/","url":"https:\/\/www.m-o-music.com\/ESHOP\/produit\/kaesarian-else-s-home\/","name":"M&amp;O Music - Kaesarian - Else's Home","isPartOf":{"@id":"https:\/\/www.m-o-music.com\/ESHOP\/#website"},"primaryImageOfPage":{"@id":"https:\/\/www.m-o-music.com\/ESHOP\/produit\/kaesarian-else-s-home\/#primaryimage"},"image":{"@id":"https:\/\/www.m-o-music.com\/ESHOP\/produit\/kaesarian-else-s-home\/#primaryimage"},"thumbnailUrl":"https:\/\/www.m-o-music.com\/ESHOP\/wp-content\/uploads\/2023\/09\/Kaesarian-Cover.jpg","datePublished":"2023-09-05T14:37:34+00:00","dateModified":"2024-03-20T14:35:50+00:00","description":"M&amp;O Music - Kaesarian - Else's Home Alternative Rock Digital M&amp;O Music 367-B","breadcrumb":{"@id":"https:\/\/www.m-o-music.com\/ESHOP\/produit\/kaesarian-else-s-home\/#breadcrumb"},"inLanguage":"fr-FR","potentialAction":[{"@type":"ReadAction","target":["https:\/\/www.m-o-music.com\/ESHOP\/produit\/kaesarian-else-s-home\/"]}]},{"@type":"ImageObject","inLanguage":"fr-FR","@id":"https:\/\/www.m-o-music.com\/ESHOP\/produit\/kaesarian-else-s-home\/#primaryimage","url":"https:\/\/www.m-o-music.com\/ESHOP\/wp-content\/uploads\/2023\/09\/Kaesarian-Cover.jpg","contentUrl":"https:\/\/www.m-o-music.com\/ESHOP\/wp-content\/uploads\/2023\/09\/Kaesarian-Cover.jpg","width":685,"height":689},{"@type":"BreadcrumbList","@id":"https:\/\/www.m-o-music.com\/ESHOP\/produit\/kaesarian-else-s-home\/#breadcrumb","itemListElement":[{"@type":"ListItem","position":1,"name":"Accueil","item":"https:\/\/www.m-o-music.com\/ESHOP\/"},{"@type":"ListItem","position":2,"name":"E-SHOP","item":"https:\/\/www.m-o-music.com\/ESHOP\/"},{"@type":"ListItem","position":3,"name":"Kaesarian &#8211; Else&#8217;s Home"}]},{"@type":"WebSite","@id":"https:\/\/www.m-o-music.com\/ESHOP\/#website","url":"https:\/\/www.m-o-music.com\/ESHOP\/","name":"M&O Music","description":"E-SHOP","publisher":{"@id":"https:\/\/www.m-o-music.com\/ESHOP\/#organization"},"alternateName":"Boutique du label metal rock","potentialAction":[{"@type":"SearchAction","target":{"@type":"EntryPoint","urlTemplate":"https:\/\/www.m-o-music.com\/ESHOP\/?s={search_term_string}"},"query-input":{"@type":"PropertyValueSpecification","valueRequired":true,"valueName":"search_term_string"}}],"inLanguage":"fr-FR"},{"@type":"Organization","@id":"https:\/\/www.m-o-music.com\/ESHOP\/#organization","name":"M & O Music","alternateName":"Label metal rock","url":"https:\/\/www.m-o-music.com\/ESHOP\/","logo":{"@type":"ImageObject","inLanguage":"fr-FR","@id":"https:\/\/www.m-o-music.com\/ESHOP\/#\/schema\/logo\/image\/","url":"https:\/\/www.m-o-music.com\/ESHOP\/wp-content\/uploads\/2020\/12\/MetO-logo-ss-barres.jpg","contentUrl":"https:\/\/www.m-o-music.com\/ESHOP\/wp-content\/uploads\/2020\/12\/MetO-logo-ss-barres.jpg","width":1122,"height":353,"caption":"M & O Music"},"image":{"@id":"https:\/\/www.m-o-music.com\/ESHOP\/#\/schema\/logo\/image\/"}}]}},"_links":{"self":[{"href":"https:\/\/www.m-o-music.com\/ESHOP\/wp-json\/wp\/v2\/product\/4500","targetHints":{"allow":["GET"]}}],"collection":[{"href":"https:\/\/www.m-o-music.com\/ESHOP\/wp-json\/wp\/v2\/product"}],"about":[{"href":"https:\/\/www.m-o-music.com\/ESHOP\/wp-json\/wp\/v2\/types\/product"}],"wp:featuredmedia":[{"embeddable":true,"href":"https:\/\/www.m-o-music.com\/ESHOP\/wp-json\/wp\/v2\/media\/4501"}],"wp:attachment":[{"href":"https:\/\/www.m-o-music.com\/ESHOP\/wp-json\/wp\/v2\/media?parent=4500"}],"wp:term":[{"taxonomy":"product_brand","embeddable":true,"href":"https:\/\/www.m-o-music.com\/ESHOP\/wp-json\/wp\/v2\/product_brand?post=4500"},{"taxonomy":"product_cat","embeddable":true,"href":"https:\/\/www.m-o-music.com\/ESHOP\/wp-json\/wp\/v2\/product_cat?post=4500"},{"taxonomy":"product_tag","embeddable":true,"href":"https:\/\/www.m-o-music.com\/ESHOP\/wp-json\/wp\/v2\/product_tag?post=4500"},{"taxonomy":"wf_product_folders","embeddable":true,"href":"https:\/\/www.m-o-music.com\/ESHOP\/wp-json\/wp\/v2\/wf_product_folders?post=4500"}],"curies":[{"name":"wp","href":"https:\/\/api.w.org\/{rel}","templated":true}]}}