{"id":4502,"date":"2023-09-05T16:44:15","date_gmt":"2023-09-05T14:44:15","guid":{"rendered":"https:\/\/www.m-o-music.com\/ESHOP\/?post_type=product&#038;p=4502"},"modified":"2025-11-05T11:29:51","modified_gmt":"2025-11-05T10:29:51","slug":"stubora-ecorche-vif","status":"publish","type":"product","link":"https:\/\/www.m-o-music.com\/ESHOP\/produit\/stubora-ecorche-vif\/","title":{"rendered":"Stubora &#8211; Ecorch\u00e9 Vif"},"content":{"rendered":"<p><b>&gt; Acheter l\u2019album en version digitale (Spotify, ITunes, Deezer\u2026) : <\/b><a style=\"font-weight: bold;\" href=\"https:\/\/bfan.link\/ecorche-vif\" target=\"_blank\" rel=\"noopener\">https:\/\/bfan.link\/ecorche-vif<\/a><\/p>\n<hr \/>\n<p><iframe loading=\"lazy\" title=\"YouTube video player\" src=\"https:\/\/www.youtube.com\/embed\/eqfjl1_fT5k?si=M0HjEDUr4IxKnnYf\" width=\"560\" height=\"315\" frameborder=\"0\" allowfullscreen=\"allowfullscreen\"><\/iframe><\/p>\n<p>STUBORA est un groupe de Metal Alternatif francophone, dont le dernier album &#8220;Horizon Noir&#8221; est sorti en d\u00e9cembre 2019. Il a \u00e9t\u00e9 suivi du EP &#8220;Vision Obscure&#8221; en novembre 2020. &#8220;\u00c9corch\u00e9 Vif&#8221;, qui sortira le 27 octobre, est un nouvel album de 10 titres.<\/p>\n<p>Leur musique combine groove, riffs accrocheurs et \u00e9motions vari\u00e9es. STUBORA s\u00e9duit les fans de Metal actuel et pass\u00e9 avec son style unique. Le groupe est salu\u00e9 pour sa cr\u00e9ativit\u00e9 et son \u00e9nergie sur sc\u00e8ne. &#8220;\u00c9corch\u00e9 Vif&#8221; promet de conqu\u00e9rir de nouveaux horizons musicaux et d&#8217;enchanter les fans du genre.<\/p>\n<p><strong>Pour les fans de\u00a0: Tremonti, Alice In Chains, Volbeat, Stone Sour\u2026<\/strong><\/p>\n<p>&nbsp;<\/p>\n<p>&nbsp;<\/p>\n","protected":false},"excerpt":{"rendered":"<p>French Alternative Metal<\/p>\n<p><span data-sheets-value=\"{&quot;1&quot;:2,&quot;2&quot;:&quot;Crystal Box&quot;}\" data-sheets-userformat=\"{&quot;2&quot;:14785,&quot;3&quot;:{&quot;1&quot;:0,&quot;3&quot;:1},&quot;9&quot;:1,&quot;10&quot;:2,&quot;11&quot;:0,&quot;14&quot;:{&quot;1&quot;:2,&quot;2&quot;:0},&quot;15&quot;:&quot;Calibri&quot;,&quot;16&quot;:11}\">Digipack<\/span><\/p>\n<p><span data-sheets-value=\"{&quot;1&quot;:2,&quot;2&quot;:&quot;M&amp;O Music 076&quot;}\" data-sheets-userformat=\"{&quot;2&quot;:14845,&quot;3&quot;:{&quot;1&quot;:0,&quot;3&quot;:1},&quot;5&quot;:{&quot;1&quot;:[{&quot;1&quot;:2,&quot;2&quot;:0,&quot;5&quot;:{&quot;1&quot;:2,&quot;2&quot;:0}},{&quot;1&quot;:0,&quot;2&quot;:0,&quot;3&quot;:1},{&quot;1&quot;:1,&quot;2&quot;:0,&quot;4&quot;:1}]},&quot;6&quot;:{&quot;1&quot;:[{&quot;1&quot;:2,&quot;2&quot;:0,&quot;5&quot;:{&quot;1&quot;:2,&quot;2&quot;:0}},{&quot;1&quot;:0,&quot;2&quot;:0,&quot;3&quot;:1},{&quot;1&quot;:1,&quot;2&quot;:0,&quot;4&quot;:1}]},&quot;7&quot;:{&quot;1&quot;:[{&quot;1&quot;:2,&quot;2&quot;:0,&quot;5&quot;:{&quot;1&quot;:2,&quot;2&quot;:0}},{&quot;1&quot;:0,&quot;2&quot;:0,&quot;3&quot;:1},{&quot;1&quot;:1,&quot;2&quot;:0,&quot;4&quot;:1}]},&quot;8&quot;:{&quot;1&quot;:[{&quot;1&quot;:2,&quot;2&quot;:0,&quot;5&quot;:{&quot;1&quot;:2,&quot;2&quot;:0}},{&quot;1&quot;:0,&quot;2&quot;:0,&quot;3&quot;:1},{&quot;1&quot;:1,&quot;2&quot;:0,&quot;4&quot;:1}]},&quot;9&quot;:1,&quot;10&quot;:1,&quot;11&quot;:0,&quot;14&quot;:{&quot;1&quot;:2,&quot;2&quot;:0},&quot;15&quot;:&quot;Calibri&quot;,&quot;16&quot;:11}\">M&amp;O Music 372 (3663663013793)<\/span><\/p>\n","protected":false},"featured_media":4503,"template":"","meta":{"_monsterinsights_skip_tracking":false,"_monsterinsights_sitenote_active":false,"_monsterinsights_sitenote_note":"","_monsterinsights_sitenote_category":0},"product_brand":[],"product_cat":[15,88],"product_tag":[],"wf_product_folders":[70,86],"class_list":{"0":"post-4502","1":"product","2":"type-product","3":"status-publish","4":"has-post-thumbnail","6":"product_cat-albums","7":"product_cat-metal","9":"first","10":"instock","11":"taxable","12":"shipping-taxable","13":"purchasable","14":"product-type-simple"},"yoast_head":"<!-- This site is optimized with the Yoast SEO Premium plugin v27.1 (Yoast SEO v27.4) - https:\/\/yoast.com\/product\/yoast-seo-premium-wordpress\/ -->\n<title>M&amp;O Music - Stubora - Ecorch\u00e9 Vif<\/title>\n<meta name=\"description\" content=\"M&amp;O Music - Stubora - Ecorch\u00e9 Vif French Alternative Metal Digipack M&amp;O Music 372 (3663663013793)\" \/>\n<meta name=\"robots\" content=\"index, follow, max-snippet:-1, max-image-preview:large, max-video-preview:-1\" \/>\n<link rel=\"canonical\" href=\"https:\/\/www.m-o-music.com\/ESHOP\/produit\/stubora-ecorche-vif\/\" \/>\n<meta property=\"og:locale\" content=\"fr_FR\" \/>\n<meta property=\"og:type\" content=\"article\" \/>\n<meta property=\"og:title\" content=\"M&amp;O Music - Stubora - Ecorch\u00e9 Vif\" \/>\n<meta property=\"og:description\" content=\"M&amp;O Music - Stubora - Ecorch\u00e9 Vif French Alternative Metal Digipack M&amp;O Music 372 (3663663013793)\" \/>\n<meta property=\"og:url\" content=\"https:\/\/www.m-o-music.com\/ESHOP\/produit\/stubora-ecorche-vif\/\" \/>\n<meta property=\"og:site_name\" content=\"M&amp;O Music\" \/>\n<meta property=\"article:modified_time\" content=\"2025-11-05T10:29:51+00:00\" \/>\n<meta property=\"og:image\" content=\"https:\/\/www.m-o-music.com\/ESHOP\/wp-content\/uploads\/2023\/09\/Stubora-Cover.jpg\" \/>\n\t<meta property=\"og:image:width\" content=\"1440\" \/>\n\t<meta property=\"og:image:height\" content=\"1440\" \/>\n\t<meta property=\"og:image:type\" content=\"image\/jpeg\" \/>\n<meta name=\"twitter:card\" content=\"summary_large_image\" \/>\n<meta name=\"twitter:label1\" content=\"Dur\u00e9e de lecture estim\u00e9e\" \/>\n\t<meta name=\"twitter:data1\" content=\"1 minute\" \/>\n<script type=\"application\/ld+json\" class=\"yoast-schema-graph\">{\"@context\":\"https:\\\/\\\/schema.org\",\"@graph\":[{\"@type\":\"WebPage\",\"@id\":\"https:\\\/\\\/www.m-o-music.com\\\/ESHOP\\\/produit\\\/stubora-ecorche-vif\\\/\",\"url\":\"https:\\\/\\\/www.m-o-music.com\\\/ESHOP\\\/produit\\\/stubora-ecorche-vif\\\/\",\"name\":\"M&amp;O Music - Stubora - Ecorch\u00e9 Vif\",\"isPartOf\":{\"@id\":\"https:\\\/\\\/www.m-o-music.com\\\/ESHOP\\\/#website\"},\"primaryImageOfPage\":{\"@id\":\"https:\\\/\\\/www.m-o-music.com\\\/ESHOP\\\/produit\\\/stubora-ecorche-vif\\\/#primaryimage\"},\"image\":{\"@id\":\"https:\\\/\\\/www.m-o-music.com\\\/ESHOP\\\/produit\\\/stubora-ecorche-vif\\\/#primaryimage\"},\"thumbnailUrl\":\"https:\\\/\\\/www.m-o-music.com\\\/ESHOP\\\/wp-content\\\/uploads\\\/2023\\\/09\\\/Stubora-Cover.jpg\",\"datePublished\":\"2023-09-05T14:44:15+00:00\",\"dateModified\":\"2025-11-05T10:29:51+00:00\",\"description\":\"M&amp;O Music - Stubora - Ecorch\u00e9 Vif French Alternative Metal Digipack M&amp;O Music 372 (3663663013793)\",\"breadcrumb\":{\"@id\":\"https:\\\/\\\/www.m-o-music.com\\\/ESHOP\\\/produit\\\/stubora-ecorche-vif\\\/#breadcrumb\"},\"inLanguage\":\"fr-FR\",\"potentialAction\":[{\"@type\":\"ReadAction\",\"target\":[\"https:\\\/\\\/www.m-o-music.com\\\/ESHOP\\\/produit\\\/stubora-ecorche-vif\\\/\"]}]},{\"@type\":\"ImageObject\",\"inLanguage\":\"fr-FR\",\"@id\":\"https:\\\/\\\/www.m-o-music.com\\\/ESHOP\\\/produit\\\/stubora-ecorche-vif\\\/#primaryimage\",\"url\":\"https:\\\/\\\/www.m-o-music.com\\\/ESHOP\\\/wp-content\\\/uploads\\\/2023\\\/09\\\/Stubora-Cover.jpg\",\"contentUrl\":\"https:\\\/\\\/www.m-o-music.com\\\/ESHOP\\\/wp-content\\\/uploads\\\/2023\\\/09\\\/Stubora-Cover.jpg\",\"width\":1440,\"height\":1440},{\"@type\":\"BreadcrumbList\",\"@id\":\"https:\\\/\\\/www.m-o-music.com\\\/ESHOP\\\/produit\\\/stubora-ecorche-vif\\\/#breadcrumb\",\"itemListElement\":[{\"@type\":\"ListItem\",\"position\":1,\"name\":\"Accueil\",\"item\":\"https:\\\/\\\/www.m-o-music.com\\\/ESHOP\\\/\"},{\"@type\":\"ListItem\",\"position\":2,\"name\":\"E-SHOP\",\"item\":\"https:\\\/\\\/www.m-o-music.com\\\/ESHOP\\\/\"},{\"@type\":\"ListItem\",\"position\":3,\"name\":\"Stubora &#8211; Ecorch\u00e9 Vif\"}]},{\"@type\":\"WebSite\",\"@id\":\"https:\\\/\\\/www.m-o-music.com\\\/ESHOP\\\/#website\",\"url\":\"https:\\\/\\\/www.m-o-music.com\\\/ESHOP\\\/\",\"name\":\"M&O Music\",\"description\":\"E-SHOP\",\"publisher\":{\"@id\":\"https:\\\/\\\/www.m-o-music.com\\\/ESHOP\\\/#organization\"},\"alternateName\":\"Boutique du label metal rock\",\"potentialAction\":[{\"@type\":\"SearchAction\",\"target\":{\"@type\":\"EntryPoint\",\"urlTemplate\":\"https:\\\/\\\/www.m-o-music.com\\\/ESHOP\\\/?s={search_term_string}\"},\"query-input\":{\"@type\":\"PropertyValueSpecification\",\"valueRequired\":true,\"valueName\":\"search_term_string\"}}],\"inLanguage\":\"fr-FR\"},{\"@type\":\"Organization\",\"@id\":\"https:\\\/\\\/www.m-o-music.com\\\/ESHOP\\\/#organization\",\"name\":\"M & O Music\",\"alternateName\":\"Label metal rock\",\"url\":\"https:\\\/\\\/www.m-o-music.com\\\/ESHOP\\\/\",\"logo\":{\"@type\":\"ImageObject\",\"inLanguage\":\"fr-FR\",\"@id\":\"https:\\\/\\\/www.m-o-music.com\\\/ESHOP\\\/#\\\/schema\\\/logo\\\/image\\\/\",\"url\":\"https:\\\/\\\/www.m-o-music.com\\\/ESHOP\\\/wp-content\\\/uploads\\\/2020\\\/12\\\/MetO-logo-ss-barres.jpg\",\"contentUrl\":\"https:\\\/\\\/www.m-o-music.com\\\/ESHOP\\\/wp-content\\\/uploads\\\/2020\\\/12\\\/MetO-logo-ss-barres.jpg\",\"width\":1122,\"height\":353,\"caption\":\"M & O Music\"},\"image\":{\"@id\":\"https:\\\/\\\/www.m-o-music.com\\\/ESHOP\\\/#\\\/schema\\\/logo\\\/image\\\/\"}}]}<\/script>\n<!-- \/ Yoast SEO Premium plugin. -->","yoast_head_json":{"title":"M&amp;O Music - Stubora - Ecorch\u00e9 Vif","description":"M&amp;O Music - Stubora - Ecorch\u00e9 Vif French Alternative Metal Digipack M&amp;O Music 372 (3663663013793)","robots":{"index":"index","follow":"follow","max-snippet":"max-snippet:-1","max-image-preview":"max-image-preview:large","max-video-preview":"max-video-preview:-1"},"canonical":"https:\/\/www.m-o-music.com\/ESHOP\/produit\/stubora-ecorche-vif\/","og_locale":"fr_FR","og_type":"article","og_title":"M&amp;O Music - Stubora - Ecorch\u00e9 Vif","og_description":"M&amp;O Music - Stubora - Ecorch\u00e9 Vif French Alternative Metal Digipack M&amp;O Music 372 (3663663013793)","og_url":"https:\/\/www.m-o-music.com\/ESHOP\/produit\/stubora-ecorche-vif\/","og_site_name":"M&amp;O Music","article_modified_time":"2025-11-05T10:29:51+00:00","og_image":[{"width":1440,"height":1440,"url":"https:\/\/www.m-o-music.com\/ESHOP\/wp-content\/uploads\/2023\/09\/Stubora-Cover.jpg","type":"image\/jpeg"}],"twitter_card":"summary_large_image","twitter_misc":{"Dur\u00e9e de lecture estim\u00e9e":"1 minute"},"schema":{"@context":"https:\/\/schema.org","@graph":[{"@type":"WebPage","@id":"https:\/\/www.m-o-music.com\/ESHOP\/produit\/stubora-ecorche-vif\/","url":"https:\/\/www.m-o-music.com\/ESHOP\/produit\/stubora-ecorche-vif\/","name":"M&amp;O Music - Stubora - Ecorch\u00e9 Vif","isPartOf":{"@id":"https:\/\/www.m-o-music.com\/ESHOP\/#website"},"primaryImageOfPage":{"@id":"https:\/\/www.m-o-music.com\/ESHOP\/produit\/stubora-ecorche-vif\/#primaryimage"},"image":{"@id":"https:\/\/www.m-o-music.com\/ESHOP\/produit\/stubora-ecorche-vif\/#primaryimage"},"thumbnailUrl":"https:\/\/www.m-o-music.com\/ESHOP\/wp-content\/uploads\/2023\/09\/Stubora-Cover.jpg","datePublished":"2023-09-05T14:44:15+00:00","dateModified":"2025-11-05T10:29:51+00:00","description":"M&amp;O Music - Stubora - Ecorch\u00e9 Vif French Alternative Metal Digipack M&amp;O Music 372 (3663663013793)","breadcrumb":{"@id":"https:\/\/www.m-o-music.com\/ESHOP\/produit\/stubora-ecorche-vif\/#breadcrumb"},"inLanguage":"fr-FR","potentialAction":[{"@type":"ReadAction","target":["https:\/\/www.m-o-music.com\/ESHOP\/produit\/stubora-ecorche-vif\/"]}]},{"@type":"ImageObject","inLanguage":"fr-FR","@id":"https:\/\/www.m-o-music.com\/ESHOP\/produit\/stubora-ecorche-vif\/#primaryimage","url":"https:\/\/www.m-o-music.com\/ESHOP\/wp-content\/uploads\/2023\/09\/Stubora-Cover.jpg","contentUrl":"https:\/\/www.m-o-music.com\/ESHOP\/wp-content\/uploads\/2023\/09\/Stubora-Cover.jpg","width":1440,"height":1440},{"@type":"BreadcrumbList","@id":"https:\/\/www.m-o-music.com\/ESHOP\/produit\/stubora-ecorche-vif\/#breadcrumb","itemListElement":[{"@type":"ListItem","position":1,"name":"Accueil","item":"https:\/\/www.m-o-music.com\/ESHOP\/"},{"@type":"ListItem","position":2,"name":"E-SHOP","item":"https:\/\/www.m-o-music.com\/ESHOP\/"},{"@type":"ListItem","position":3,"name":"Stubora &#8211; Ecorch\u00e9 Vif"}]},{"@type":"WebSite","@id":"https:\/\/www.m-o-music.com\/ESHOP\/#website","url":"https:\/\/www.m-o-music.com\/ESHOP\/","name":"M&O Music","description":"E-SHOP","publisher":{"@id":"https:\/\/www.m-o-music.com\/ESHOP\/#organization"},"alternateName":"Boutique du label metal rock","potentialAction":[{"@type":"SearchAction","target":{"@type":"EntryPoint","urlTemplate":"https:\/\/www.m-o-music.com\/ESHOP\/?s={search_term_string}"},"query-input":{"@type":"PropertyValueSpecification","valueRequired":true,"valueName":"search_term_string"}}],"inLanguage":"fr-FR"},{"@type":"Organization","@id":"https:\/\/www.m-o-music.com\/ESHOP\/#organization","name":"M & O Music","alternateName":"Label metal rock","url":"https:\/\/www.m-o-music.com\/ESHOP\/","logo":{"@type":"ImageObject","inLanguage":"fr-FR","@id":"https:\/\/www.m-o-music.com\/ESHOP\/#\/schema\/logo\/image\/","url":"https:\/\/www.m-o-music.com\/ESHOP\/wp-content\/uploads\/2020\/12\/MetO-logo-ss-barres.jpg","contentUrl":"https:\/\/www.m-o-music.com\/ESHOP\/wp-content\/uploads\/2020\/12\/MetO-logo-ss-barres.jpg","width":1122,"height":353,"caption":"M & O Music"},"image":{"@id":"https:\/\/www.m-o-music.com\/ESHOP\/#\/schema\/logo\/image\/"}}]}},"_links":{"self":[{"href":"https:\/\/www.m-o-music.com\/ESHOP\/wp-json\/wp\/v2\/product\/4502","targetHints":{"allow":["GET"]}}],"collection":[{"href":"https:\/\/www.m-o-music.com\/ESHOP\/wp-json\/wp\/v2\/product"}],"about":[{"href":"https:\/\/www.m-o-music.com\/ESHOP\/wp-json\/wp\/v2\/types\/product"}],"wp:featuredmedia":[{"embeddable":true,"href":"https:\/\/www.m-o-music.com\/ESHOP\/wp-json\/wp\/v2\/media\/4503"}],"wp:attachment":[{"href":"https:\/\/www.m-o-music.com\/ESHOP\/wp-json\/wp\/v2\/media?parent=4502"}],"wp:term":[{"taxonomy":"product_brand","embeddable":true,"href":"https:\/\/www.m-o-music.com\/ESHOP\/wp-json\/wp\/v2\/product_brand?post=4502"},{"taxonomy":"product_cat","embeddable":true,"href":"https:\/\/www.m-o-music.com\/ESHOP\/wp-json\/wp\/v2\/product_cat?post=4502"},{"taxonomy":"product_tag","embeddable":true,"href":"https:\/\/www.m-o-music.com\/ESHOP\/wp-json\/wp\/v2\/product_tag?post=4502"},{"taxonomy":"wf_product_folders","embeddable":true,"href":"https:\/\/www.m-o-music.com\/ESHOP\/wp-json\/wp\/v2\/wf_product_folders?post=4502"}],"curies":[{"name":"wp","href":"https:\/\/api.w.org\/{rel}","templated":true}]}}