{"id":5498,"date":"2026-03-23T15:31:00","date_gmt":"2026-03-23T14:31:00","guid":{"rendered":"https:\/\/www.m-o-music.com\/ESHOP\/?post_type=product&#038;p=5498"},"modified":"2026-04-16T09:01:48","modified_gmt":"2026-04-16T07:01:48","slug":"the-roost-black-mountain","status":"publish","type":"product","link":"https:\/\/www.m-o-music.com\/ESHOP\/produit\/the-roost-black-mountain\/","title":{"rendered":"The Roost &#8211; Black Mountain"},"content":{"rendered":"<p><span data-sheets-value=\"{&quot;1&quot;:2,&quot;2&quot;:&quot;If you want this album on digital stores (Spotify, Itunes, Deezer...) : https:\/\/backl.ink\/312349&quot;}\" data-sheets-userformat=\"{&quot;2&quot;:29181,&quot;3&quot;:{&quot;1&quot;:0,&quot;3&quot;:1},&quot;5&quot;:{&quot;1&quot;:[{&quot;1&quot;:2,&quot;2&quot;:0,&quot;5&quot;:{&quot;1&quot;:2,&quot;2&quot;:0}},{&quot;1&quot;:0,&quot;2&quot;:0,&quot;3&quot;:1},{&quot;1&quot;:1,&quot;2&quot;:0,&quot;4&quot;:1}]},&quot;6&quot;:{&quot;1&quot;:[{&quot;1&quot;:2,&quot;2&quot;:0,&quot;5&quot;:{&quot;1&quot;:2,&quot;2&quot;:0}},{&quot;1&quot;:0,&quot;2&quot;:0,&quot;3&quot;:1},{&quot;1&quot;:1,&quot;2&quot;:0,&quot;4&quot;:1}]},&quot;7&quot;:{&quot;1&quot;:[{&quot;1&quot;:2,&quot;2&quot;:0,&quot;5&quot;:{&quot;1&quot;:2,&quot;2&quot;:0}},{&quot;1&quot;:0,&quot;2&quot;:0,&quot;3&quot;:1},{&quot;1&quot;:1,&quot;2&quot;:0,&quot;4&quot;:1}]},&quot;8&quot;:{&quot;1&quot;:[{&quot;1&quot;:2,&quot;2&quot;:0,&quot;5&quot;:{&quot;1&quot;:2,&quot;2&quot;:0}},{&quot;1&quot;:0,&quot;2&quot;:0,&quot;3&quot;:1},{&quot;1&quot;:1,&quot;2&quot;:0,&quot;4&quot;:1}]},&quot;9&quot;:1,&quot;10&quot;:1,&quot;11&quot;:0,&quot;15&quot;:&quot;Calibri&quot;,&quot;16&quot;:11,&quot;17&quot;:1}\" data-sheets-hyperlink=\"https:\/\/backl.ink\/312349\" data-sheets-textstyleruns=\"{&quot;1&quot;:0,&quot;2&quot;:{&quot;3&quot;:&quot;Calibri&quot;,&quot;4&quot;:11,&quot;5&quot;:1}}\uee10{&quot;1&quot;:72,&quot;2&quot;:{&quot;2&quot;:{&quot;1&quot;:2,&quot;2&quot;:255},&quot;3&quot;:&quot;Calibri&quot;,&quot;4&quot;:11,&quot;5&quot;:1}}\">If you want this music on digital stores (Spotify, Itunes, Deezer&#8230;) : <a href=\"https:\/\/bfan.link\/black-mountain-1\" target=\"_blank\" rel=\"noopener\">https:\/\/bfan.link\/black-mountain-1<\/a><\/span><\/p>\n<hr \/>\n<p><iframe loading=\"lazy\" title=\"YouTube video player\" src=\"https:\/\/www.youtube.com\/embed\/9WR93Ah3JVo?si=enClye4p4jbSDX_X\" width=\"560\" height=\"315\" frameborder=\"0\" allowfullscreen=\"allowfullscreen\"><\/iframe><\/p>\n<p><strong>Rock alternatif m\u00e9lodique, puissant et \u00e9nergique quelque part entre SOAD, QOTSA et Nirvana<\/strong><\/p>\n<p><strong>The Roost<\/strong> propose un rock alternatif m\u00e9lodique, puissant et \u00e9nergique, quelque part entre <strong><em>System of a Down<\/em><\/strong>, <strong><em>Queens of the Stone Age<\/em><\/strong> et <strong><em>Nirvana<\/em><\/strong>.<\/p>\n<p>Form\u00e9 en 2016, le groupe a progressivement construit un univers sonore singulier, nourri par les racines du grunge, du nu-metal, du stoner et de la sensibilit\u00e9 m\u00e9lodique du rock contemporain. Son ADN repose sur un \u00e9quilibre entre riffs de guitare massifs, \u00e9nergie brute et sens aigu de la m\u00e9lodie.<\/p>\n<p>Au c\u0153ur du projet, des voix principales expressives, soutenues par des harmonies et des interactions vocales qui renforcent l\u2019intensit\u00e9 de chaque titre. Le jeu permanent entre tension et m\u00e9lodie fa\u00e7onne l\u2019ensemble du r\u00e9pertoire du groupe.<\/p>\n<p>Sur sc\u00e8ne, The Roost privil\u00e9gie une approche directe et sans compromis : des sets pr\u00e9cis et puissants, sans artifices, port\u00e9s par l\u2019\u00e9nergie et l\u2019impact des compositions.<\/p>\n<p>La discographie du groupe illustre le chemin musical parcouru par ses membres. Leur <strong>Live EP<\/strong> (2018) capture l\u2019urgence et l\u2019intensit\u00e9 de leurs premiers concerts. <strong>ALICE<\/strong> (2020), leur premier album, pose les fondations de leur univers et re\u00e7oit un accueil remarqu\u00e9, notamment de la part de <em>Rock &amp; Folk<\/em> qui relevait \u00e0 propos du groupe \u201c<em>la puissance de frappe de ses guitares et de ses rythmiques<\/em>\u201d ainsi que \u201c<em>sa ma\u00eetrise vocale et son art \u00e9prouv\u00e9 de la nuance<\/em>\u201d. En 2022, <strong>Two Takes at Studio K<\/strong> marque une nouvelle \u00e9tape en poussant encore plus loin la qu\u00eate d\u2019authenticit\u00e9 du groupe, avec un enregistrement live de trois titres r\u00e9alis\u00e9s en seulement deux prises au cours d\u2019une seule journ\u00e9e.<\/p>\n<p>Aujourd\u2019hui, The Roost franchit un cap avec <strong>Black Mountain<\/strong>, un EP six titres dont la sortie est pr\u00e9vue le 22 mai 2026. Plus abouti et plus moderne dans son approche, ce nouveau projet b\u00e9n\u00e9ficie d\u2019un travail de production renforc\u00e9, notamment avec le mix de <strong><em>Stefan Boman<\/em><\/strong> (<em>Ghost<\/em>, <em>The Hives<\/em>, <em>Graveyard<\/em>, <em>The Hellacopters<\/em>, <em>Dozer<\/em>\u2026), et marque une \u00e9volution nette dans le son du groupe au service de compositions plus abouties.<\/p>\n<p>Laur\u00e9at du tremplin 2026 du <strong><em>Festival Arc-en-Musique<\/em><\/strong> et finaliste du tremplin 2026 du <strong><em>Ronqui\u00e8res Festival<\/em><\/strong>, The Roost poursuit sa mont\u00e9e en puissance et affiche une ambition claire : s\u2019imposer durablement sur la sc\u00e8ne rock belge gr\u00e2ce \u00e0 une signature sonore intense, m\u00e9lodique et incisive qui \u00e9chappe aux cat\u00e9gories trop \u00e9troites.<\/p>\n","protected":false},"excerpt":{"rendered":"<p>Alternative Rock<\/p>\n<p><span data-sheets-value=\"{&quot;1&quot;:2,&quot;2&quot;:&quot;Crystal Box&quot;}\" data-sheets-userformat=\"{&quot;2&quot;:14785,&quot;3&quot;:{&quot;1&quot;:0,&quot;3&quot;:1},&quot;9&quot;:1,&quot;10&quot;:2,&quot;11&quot;:0,&quot;14&quot;:{&quot;1&quot;:2,&quot;2&quot;:0},&quot;15&quot;:&quot;Calibri&quot;,&quot;16&quot;:11}\">Digital<\/span><\/p>\n<p>M&amp;O Music 462-B<\/p>\n","protected":false},"featured_media":5499,"template":"","meta":{"_monsterinsights_skip_tracking":false,"_monsterinsights_sitenote_active":false,"_monsterinsights_sitenote_note":"","_monsterinsights_sitenote_category":0},"product_brand":[],"product_cat":[15,88],"product_tag":[],"wf_product_folders":[70,86],"class_list":{"0":"post-5498","1":"product","2":"type-product","3":"status-publish","4":"has-post-thumbnail","6":"product_cat-albums","7":"product_cat-metal","9":"first","10":"instock","11":"taxable","12":"shipping-taxable","13":"product-type-external"},"yoast_head":"<!-- This site is optimized with the Yoast SEO Premium plugin v27.1 (Yoast SEO v27.4) - https:\/\/yoast.com\/product\/yoast-seo-premium-wordpress\/ -->\n<title>M&amp;O Music - The Roost - Black Mountain<\/title>\n<meta name=\"description\" content=\"M&amp;O Music - The Roost - Black Mountain Alternative Rock Digital M&amp;O Music 462-B\" \/>\n<meta name=\"robots\" content=\"index, follow, max-snippet:-1, max-image-preview:large, max-video-preview:-1\" \/>\n<link rel=\"canonical\" href=\"https:\/\/www.m-o-music.com\/ESHOP\/produit\/the-roost-black-mountain\/\" \/>\n<meta property=\"og:locale\" content=\"fr_FR\" \/>\n<meta property=\"og:type\" content=\"article\" \/>\n<meta property=\"og:title\" content=\"M&amp;O Music - The Roost - Black Mountain\" \/>\n<meta property=\"og:description\" content=\"M&amp;O Music - The Roost - Black Mountain Alternative Rock Digital M&amp;O Music 462-B\" \/>\n<meta property=\"og:url\" content=\"https:\/\/www.m-o-music.com\/ESHOP\/produit\/the-roost-black-mountain\/\" \/>\n<meta property=\"og:site_name\" content=\"M&amp;O Music\" \/>\n<meta property=\"article:modified_time\" content=\"2026-04-16T07:01:48+00:00\" \/>\n<meta property=\"og:image\" content=\"https:\/\/www.m-o-music.com\/ESHOP\/wp-content\/uploads\/2026\/03\/The-Roost-Cover.jpg\" \/>\n\t<meta property=\"og:image:width\" content=\"1440\" \/>\n\t<meta property=\"og:image:height\" content=\"1440\" \/>\n\t<meta property=\"og:image:type\" content=\"image\/jpeg\" \/>\n<meta name=\"twitter:card\" content=\"summary_large_image\" \/>\n<meta name=\"twitter:label1\" content=\"Dur\u00e9e de lecture estim\u00e9e\" \/>\n\t<meta name=\"twitter:data1\" content=\"3 minutes\" \/>\n<script type=\"application\/ld+json\" class=\"yoast-schema-graph\">{\"@context\":\"https:\\\/\\\/schema.org\",\"@graph\":[{\"@type\":\"WebPage\",\"@id\":\"https:\\\/\\\/www.m-o-music.com\\\/ESHOP\\\/produit\\\/the-roost-black-mountain\\\/\",\"url\":\"https:\\\/\\\/www.m-o-music.com\\\/ESHOP\\\/produit\\\/the-roost-black-mountain\\\/\",\"name\":\"M&amp;O Music - The Roost - Black Mountain\",\"isPartOf\":{\"@id\":\"https:\\\/\\\/www.m-o-music.com\\\/ESHOP\\\/#website\"},\"primaryImageOfPage\":{\"@id\":\"https:\\\/\\\/www.m-o-music.com\\\/ESHOP\\\/produit\\\/the-roost-black-mountain\\\/#primaryimage\"},\"image\":{\"@id\":\"https:\\\/\\\/www.m-o-music.com\\\/ESHOP\\\/produit\\\/the-roost-black-mountain\\\/#primaryimage\"},\"thumbnailUrl\":\"https:\\\/\\\/www.m-o-music.com\\\/ESHOP\\\/wp-content\\\/uploads\\\/2026\\\/03\\\/The-Roost-Cover.jpg\",\"datePublished\":\"2026-03-23T14:31:00+00:00\",\"dateModified\":\"2026-04-16T07:01:48+00:00\",\"description\":\"M&amp;O Music - The Roost - Black Mountain Alternative Rock Digital M&amp;O Music 462-B\",\"breadcrumb\":{\"@id\":\"https:\\\/\\\/www.m-o-music.com\\\/ESHOP\\\/produit\\\/the-roost-black-mountain\\\/#breadcrumb\"},\"inLanguage\":\"fr-FR\",\"potentialAction\":[{\"@type\":\"ReadAction\",\"target\":[\"https:\\\/\\\/www.m-o-music.com\\\/ESHOP\\\/produit\\\/the-roost-black-mountain\\\/\"]}]},{\"@type\":\"ImageObject\",\"inLanguage\":\"fr-FR\",\"@id\":\"https:\\\/\\\/www.m-o-music.com\\\/ESHOP\\\/produit\\\/the-roost-black-mountain\\\/#primaryimage\",\"url\":\"https:\\\/\\\/www.m-o-music.com\\\/ESHOP\\\/wp-content\\\/uploads\\\/2026\\\/03\\\/The-Roost-Cover.jpg\",\"contentUrl\":\"https:\\\/\\\/www.m-o-music.com\\\/ESHOP\\\/wp-content\\\/uploads\\\/2026\\\/03\\\/The-Roost-Cover.jpg\",\"width\":1440,\"height\":1440},{\"@type\":\"BreadcrumbList\",\"@id\":\"https:\\\/\\\/www.m-o-music.com\\\/ESHOP\\\/produit\\\/the-roost-black-mountain\\\/#breadcrumb\",\"itemListElement\":[{\"@type\":\"ListItem\",\"position\":1,\"name\":\"Accueil\",\"item\":\"https:\\\/\\\/www.m-o-music.com\\\/ESHOP\\\/\"},{\"@type\":\"ListItem\",\"position\":2,\"name\":\"E-SHOP\",\"item\":\"https:\\\/\\\/www.m-o-music.com\\\/ESHOP\\\/\"},{\"@type\":\"ListItem\",\"position\":3,\"name\":\"The Roost &#8211; Black Mountain\"}]},{\"@type\":\"WebSite\",\"@id\":\"https:\\\/\\\/www.m-o-music.com\\\/ESHOP\\\/#website\",\"url\":\"https:\\\/\\\/www.m-o-music.com\\\/ESHOP\\\/\",\"name\":\"M&O Music\",\"description\":\"E-SHOP\",\"publisher\":{\"@id\":\"https:\\\/\\\/www.m-o-music.com\\\/ESHOP\\\/#organization\"},\"alternateName\":\"Boutique du label metal rock\",\"potentialAction\":[{\"@type\":\"SearchAction\",\"target\":{\"@type\":\"EntryPoint\",\"urlTemplate\":\"https:\\\/\\\/www.m-o-music.com\\\/ESHOP\\\/?s={search_term_string}\"},\"query-input\":{\"@type\":\"PropertyValueSpecification\",\"valueRequired\":true,\"valueName\":\"search_term_string\"}}],\"inLanguage\":\"fr-FR\"},{\"@type\":\"Organization\",\"@id\":\"https:\\\/\\\/www.m-o-music.com\\\/ESHOP\\\/#organization\",\"name\":\"M & O Music\",\"alternateName\":\"Label metal rock\",\"url\":\"https:\\\/\\\/www.m-o-music.com\\\/ESHOP\\\/\",\"logo\":{\"@type\":\"ImageObject\",\"inLanguage\":\"fr-FR\",\"@id\":\"https:\\\/\\\/www.m-o-music.com\\\/ESHOP\\\/#\\\/schema\\\/logo\\\/image\\\/\",\"url\":\"https:\\\/\\\/www.m-o-music.com\\\/ESHOP\\\/wp-content\\\/uploads\\\/2020\\\/12\\\/MetO-logo-ss-barres.jpg\",\"contentUrl\":\"https:\\\/\\\/www.m-o-music.com\\\/ESHOP\\\/wp-content\\\/uploads\\\/2020\\\/12\\\/MetO-logo-ss-barres.jpg\",\"width\":1122,\"height\":353,\"caption\":\"M & O Music\"},\"image\":{\"@id\":\"https:\\\/\\\/www.m-o-music.com\\\/ESHOP\\\/#\\\/schema\\\/logo\\\/image\\\/\"}}]}<\/script>\n<!-- \/ Yoast SEO Premium plugin. -->","yoast_head_json":{"title":"M&amp;O Music - The Roost - Black Mountain","description":"M&amp;O Music - The Roost - Black Mountain Alternative Rock Digital M&amp;O Music 462-B","robots":{"index":"index","follow":"follow","max-snippet":"max-snippet:-1","max-image-preview":"max-image-preview:large","max-video-preview":"max-video-preview:-1"},"canonical":"https:\/\/www.m-o-music.com\/ESHOP\/produit\/the-roost-black-mountain\/","og_locale":"fr_FR","og_type":"article","og_title":"M&amp;O Music - The Roost - Black Mountain","og_description":"M&amp;O Music - The Roost - Black Mountain Alternative Rock Digital M&amp;O Music 462-B","og_url":"https:\/\/www.m-o-music.com\/ESHOP\/produit\/the-roost-black-mountain\/","og_site_name":"M&amp;O Music","article_modified_time":"2026-04-16T07:01:48+00:00","og_image":[{"width":1440,"height":1440,"url":"https:\/\/www.m-o-music.com\/ESHOP\/wp-content\/uploads\/2026\/03\/The-Roost-Cover.jpg","type":"image\/jpeg"}],"twitter_card":"summary_large_image","twitter_misc":{"Dur\u00e9e de lecture estim\u00e9e":"3 minutes"},"schema":{"@context":"https:\/\/schema.org","@graph":[{"@type":"WebPage","@id":"https:\/\/www.m-o-music.com\/ESHOP\/produit\/the-roost-black-mountain\/","url":"https:\/\/www.m-o-music.com\/ESHOP\/produit\/the-roost-black-mountain\/","name":"M&amp;O Music - The Roost - Black Mountain","isPartOf":{"@id":"https:\/\/www.m-o-music.com\/ESHOP\/#website"},"primaryImageOfPage":{"@id":"https:\/\/www.m-o-music.com\/ESHOP\/produit\/the-roost-black-mountain\/#primaryimage"},"image":{"@id":"https:\/\/www.m-o-music.com\/ESHOP\/produit\/the-roost-black-mountain\/#primaryimage"},"thumbnailUrl":"https:\/\/www.m-o-music.com\/ESHOP\/wp-content\/uploads\/2026\/03\/The-Roost-Cover.jpg","datePublished":"2026-03-23T14:31:00+00:00","dateModified":"2026-04-16T07:01:48+00:00","description":"M&amp;O Music - The Roost - Black Mountain Alternative Rock Digital M&amp;O Music 462-B","breadcrumb":{"@id":"https:\/\/www.m-o-music.com\/ESHOP\/produit\/the-roost-black-mountain\/#breadcrumb"},"inLanguage":"fr-FR","potentialAction":[{"@type":"ReadAction","target":["https:\/\/www.m-o-music.com\/ESHOP\/produit\/the-roost-black-mountain\/"]}]},{"@type":"ImageObject","inLanguage":"fr-FR","@id":"https:\/\/www.m-o-music.com\/ESHOP\/produit\/the-roost-black-mountain\/#primaryimage","url":"https:\/\/www.m-o-music.com\/ESHOP\/wp-content\/uploads\/2026\/03\/The-Roost-Cover.jpg","contentUrl":"https:\/\/www.m-o-music.com\/ESHOP\/wp-content\/uploads\/2026\/03\/The-Roost-Cover.jpg","width":1440,"height":1440},{"@type":"BreadcrumbList","@id":"https:\/\/www.m-o-music.com\/ESHOP\/produit\/the-roost-black-mountain\/#breadcrumb","itemListElement":[{"@type":"ListItem","position":1,"name":"Accueil","item":"https:\/\/www.m-o-music.com\/ESHOP\/"},{"@type":"ListItem","position":2,"name":"E-SHOP","item":"https:\/\/www.m-o-music.com\/ESHOP\/"},{"@type":"ListItem","position":3,"name":"The Roost &#8211; Black Mountain"}]},{"@type":"WebSite","@id":"https:\/\/www.m-o-music.com\/ESHOP\/#website","url":"https:\/\/www.m-o-music.com\/ESHOP\/","name":"M&O Music","description":"E-SHOP","publisher":{"@id":"https:\/\/www.m-o-music.com\/ESHOP\/#organization"},"alternateName":"Boutique du label metal rock","potentialAction":[{"@type":"SearchAction","target":{"@type":"EntryPoint","urlTemplate":"https:\/\/www.m-o-music.com\/ESHOP\/?s={search_term_string}"},"query-input":{"@type":"PropertyValueSpecification","valueRequired":true,"valueName":"search_term_string"}}],"inLanguage":"fr-FR"},{"@type":"Organization","@id":"https:\/\/www.m-o-music.com\/ESHOP\/#organization","name":"M & O Music","alternateName":"Label metal rock","url":"https:\/\/www.m-o-music.com\/ESHOP\/","logo":{"@type":"ImageObject","inLanguage":"fr-FR","@id":"https:\/\/www.m-o-music.com\/ESHOP\/#\/schema\/logo\/image\/","url":"https:\/\/www.m-o-music.com\/ESHOP\/wp-content\/uploads\/2020\/12\/MetO-logo-ss-barres.jpg","contentUrl":"https:\/\/www.m-o-music.com\/ESHOP\/wp-content\/uploads\/2020\/12\/MetO-logo-ss-barres.jpg","width":1122,"height":353,"caption":"M & O Music"},"image":{"@id":"https:\/\/www.m-o-music.com\/ESHOP\/#\/schema\/logo\/image\/"}}]}},"_links":{"self":[{"href":"https:\/\/www.m-o-music.com\/ESHOP\/wp-json\/wp\/v2\/product\/5498","targetHints":{"allow":["GET"]}}],"collection":[{"href":"https:\/\/www.m-o-music.com\/ESHOP\/wp-json\/wp\/v2\/product"}],"about":[{"href":"https:\/\/www.m-o-music.com\/ESHOP\/wp-json\/wp\/v2\/types\/product"}],"wp:featuredmedia":[{"embeddable":true,"href":"https:\/\/www.m-o-music.com\/ESHOP\/wp-json\/wp\/v2\/media\/5499"}],"wp:attachment":[{"href":"https:\/\/www.m-o-music.com\/ESHOP\/wp-json\/wp\/v2\/media?parent=5498"}],"wp:term":[{"taxonomy":"product_brand","embeddable":true,"href":"https:\/\/www.m-o-music.com\/ESHOP\/wp-json\/wp\/v2\/product_brand?post=5498"},{"taxonomy":"product_cat","embeddable":true,"href":"https:\/\/www.m-o-music.com\/ESHOP\/wp-json\/wp\/v2\/product_cat?post=5498"},{"taxonomy":"product_tag","embeddable":true,"href":"https:\/\/www.m-o-music.com\/ESHOP\/wp-json\/wp\/v2\/product_tag?post=5498"},{"taxonomy":"wf_product_folders","embeddable":true,"href":"https:\/\/www.m-o-music.com\/ESHOP\/wp-json\/wp\/v2\/wf_product_folders?post=5498"}],"curies":[{"name":"wp","href":"https:\/\/api.w.org\/{rel}","templated":true}]}}