{"id":5522,"date":"2026-04-27T10:05:39","date_gmt":"2026-04-27T08:05:39","guid":{"rendered":"https:\/\/www.m-o-music.com\/ESHOP\/?post_type=product&#038;p=5522"},"modified":"2026-04-27T10:09:40","modified_gmt":"2026-04-27T08:09:40","slug":"deadly-dust-alright","status":"publish","type":"product","link":"https:\/\/www.m-o-music.com\/ESHOP\/produit\/deadly-dust-alright\/","title":{"rendered":"Deadly Dust &#8211; Alright"},"content":{"rendered":"<p><span data-sheets-value=\"{&quot;1&quot;:2,&quot;2&quot;:&quot;If you want this album on digital stores (Spotify, Itunes, Deezer...) : https:\/\/backl.ink\/312349&quot;}\" data-sheets-userformat=\"{&quot;2&quot;:29181,&quot;3&quot;:{&quot;1&quot;:0,&quot;3&quot;:1},&quot;5&quot;:{&quot;1&quot;:[{&quot;1&quot;:2,&quot;2&quot;:0,&quot;5&quot;:{&quot;1&quot;:2,&quot;2&quot;:0}},{&quot;1&quot;:0,&quot;2&quot;:0,&quot;3&quot;:1},{&quot;1&quot;:1,&quot;2&quot;:0,&quot;4&quot;:1}]},&quot;6&quot;:{&quot;1&quot;:[{&quot;1&quot;:2,&quot;2&quot;:0,&quot;5&quot;:{&quot;1&quot;:2,&quot;2&quot;:0}},{&quot;1&quot;:0,&quot;2&quot;:0,&quot;3&quot;:1},{&quot;1&quot;:1,&quot;2&quot;:0,&quot;4&quot;:1}]},&quot;7&quot;:{&quot;1&quot;:[{&quot;1&quot;:2,&quot;2&quot;:0,&quot;5&quot;:{&quot;1&quot;:2,&quot;2&quot;:0}},{&quot;1&quot;:0,&quot;2&quot;:0,&quot;3&quot;:1},{&quot;1&quot;:1,&quot;2&quot;:0,&quot;4&quot;:1}]},&quot;8&quot;:{&quot;1&quot;:[{&quot;1&quot;:2,&quot;2&quot;:0,&quot;5&quot;:{&quot;1&quot;:2,&quot;2&quot;:0}},{&quot;1&quot;:0,&quot;2&quot;:0,&quot;3&quot;:1},{&quot;1&quot;:1,&quot;2&quot;:0,&quot;4&quot;:1}]},&quot;9&quot;:1,&quot;10&quot;:1,&quot;11&quot;:0,&quot;15&quot;:&quot;Calibri&quot;,&quot;16&quot;:11,&quot;17&quot;:1}\" data-sheets-hyperlink=\"https:\/\/backl.ink\/312349\" data-sheets-textstyleruns=\"{&quot;1&quot;:0,&quot;2&quot;:{&quot;3&quot;:&quot;Calibri&quot;,&quot;4&quot;:11,&quot;5&quot;:1}}\uee10{&quot;1&quot;:72,&quot;2&quot;:{&quot;2&quot;:{&quot;1&quot;:2,&quot;2&quot;:255},&quot;3&quot;:&quot;Calibri&quot;,&quot;4&quot;:11,&quot;5&quot;:1}}\">If you want this music on digital stores (Spotify, Itunes, Deezer&#8230;) : <a href=\"https:\/\/bfan.link\/alright-25\" target=\"_blank\" rel=\"noopener\">https:\/\/bfan.link\/alright-25<\/a><\/span><\/p>\n<hr \/>\n<p class=\"normal\"><strong>Pour les fans de Skid Row, Guns N\u2019 Roses, Whitesnake, Judas Priest, Tesla<\/strong><\/p>\n<p>N\u00e9 d&#8217;une passion commune pour les moteurs rugissants, les riffs tonitruants et les guitares ac\u00e9r\u00e9es, <strong>DEADLY DUST<\/strong> est un groupe de heavy hard rock sans compromis.\u00a0Avec deux guitaristes explosifs, un frontman brut et instinctif, un bassiste au groove irr\u00e9sistible et un batteur \u00e0 la frappe d\u00e9vastatrice, <strong>DEADLY DUST<\/strong> d\u00e9livre un son f\u00e9roce, direct et sans concession.\u00a0Leur musique rugit comme un V8 \u00e0 plein r\u00e9gime sur de l&#8217;asphalte br\u00fblant : survolt\u00e9e, taill\u00e9e pour la sc\u00e8ne et pr\u00eate \u00e0 enflammer le public.\u00a0Apr\u00e8s la r\u00e9alisation d&#8217;un clip au z\u00e9nith de Nantes en juillet 2025, l&#8217;aventure continue sur de belles rencontres. Premi\u00e8re partie du groupe australien ELECTRIC MARY en octobre 2025. Au printemps une prestation remarqu\u00e9e au VIP du Hellfest suivie d&#8217;une sc\u00e8ne partag\u00e9e avec le 1er batteur et co-fondateur historique de Mot\u00f6rhead: Lucas Fox. Leur premier album &#8220;<strong>Alright<\/strong>&#8220;, est aujourd&#8217;hui pr\u00eat et sortira le <strong>12 juin prochain<\/strong>.<\/p>\n","protected":false},"excerpt":{"rendered":"<p>Heavy Rock<\/p>\n<p><span data-sheets-value=\"{&quot;1&quot;:2,&quot;2&quot;:&quot;Crystal Box&quot;}\" data-sheets-userformat=\"{&quot;2&quot;:14785,&quot;3&quot;:{&quot;1&quot;:0,&quot;3&quot;:1},&quot;9&quot;:1,&quot;10&quot;:2,&quot;11&quot;:0,&quot;14&quot;:{&quot;1&quot;:2,&quot;2&quot;:0},&quot;15&quot;:&quot;Calibri&quot;,&quot;16&quot;:11}\">Digital<\/span><\/p>\n<p>M&amp;O Music 472-D<\/p>\n","protected":false},"featured_media":5523,"template":"","meta":{"_monsterinsights_skip_tracking":false,"_monsterinsights_sitenote_active":false,"_monsterinsights_sitenote_note":"","_monsterinsights_sitenote_category":0},"product_brand":[],"product_cat":[15,88],"product_tag":[],"wf_product_folders":[70,86],"class_list":{"0":"post-5522","1":"product","2":"type-product","3":"status-publish","4":"has-post-thumbnail","6":"product_cat-albums","7":"product_cat-metal","9":"first","10":"instock","11":"taxable","12":"shipping-taxable","13":"product-type-external"},"yoast_head":"<!-- This site is optimized with the Yoast SEO Premium plugin v27.5 (Yoast SEO v27.6) - https:\/\/yoast.com\/product\/yoast-seo-premium-wordpress\/ -->\n<title>M&amp;O Music - Deadly Dust - Alright<\/title>\n<meta name=\"description\" content=\"M&amp;O Music - Deadly Dust - Alright Heavy Rock Digital M&amp;O Music 472-D\" \/>\n<meta name=\"robots\" content=\"index, follow, max-snippet:-1, max-image-preview:large, max-video-preview:-1\" \/>\n<link rel=\"canonical\" href=\"https:\/\/www.m-o-music.com\/ESHOP\/produit\/deadly-dust-alright\/\" \/>\n<meta property=\"og:locale\" content=\"fr_FR\" \/>\n<meta property=\"og:type\" content=\"article\" \/>\n<meta property=\"og:title\" content=\"M&amp;O Music - Deadly Dust - Alright\" \/>\n<meta property=\"og:description\" content=\"M&amp;O Music - Deadly Dust - Alright Heavy Rock Digital M&amp;O Music 472-D\" \/>\n<meta property=\"og:url\" content=\"https:\/\/www.m-o-music.com\/ESHOP\/produit\/deadly-dust-alright\/\" \/>\n<meta property=\"og:site_name\" content=\"M&amp;O Music\" \/>\n<meta property=\"article:modified_time\" content=\"2026-04-27T08:09:40+00:00\" \/>\n<meta property=\"og:image\" content=\"https:\/\/www.m-o-music.com\/ESHOP\/wp-content\/uploads\/2026\/04\/DeadlyDust-Cover.jpg\" \/>\n\t<meta property=\"og:image:width\" content=\"1440\" \/>\n\t<meta property=\"og:image:height\" content=\"1440\" \/>\n\t<meta property=\"og:image:type\" content=\"image\/jpeg\" \/>\n<meta name=\"twitter:card\" content=\"summary_large_image\" \/>\n<meta name=\"twitter:label1\" content=\"Dur\u00e9e de lecture estim\u00e9e\" \/>\n\t<meta name=\"twitter:data1\" content=\"2 minutes\" \/>\n<script type=\"application\/ld+json\" class=\"yoast-schema-graph\">{\"@context\":\"https:\\\/\\\/schema.org\",\"@graph\":[{\"@type\":\"WebPage\",\"@id\":\"https:\\\/\\\/www.m-o-music.com\\\/ESHOP\\\/produit\\\/deadly-dust-alright\\\/\",\"url\":\"https:\\\/\\\/www.m-o-music.com\\\/ESHOP\\\/produit\\\/deadly-dust-alright\\\/\",\"name\":\"M&amp;O Music - Deadly Dust - Alright\",\"isPartOf\":{\"@id\":\"https:\\\/\\\/www.m-o-music.com\\\/ESHOP\\\/#website\"},\"primaryImageOfPage\":{\"@id\":\"https:\\\/\\\/www.m-o-music.com\\\/ESHOP\\\/produit\\\/deadly-dust-alright\\\/#primaryimage\"},\"image\":{\"@id\":\"https:\\\/\\\/www.m-o-music.com\\\/ESHOP\\\/produit\\\/deadly-dust-alright\\\/#primaryimage\"},\"thumbnailUrl\":\"https:\\\/\\\/www.m-o-music.com\\\/ESHOP\\\/wp-content\\\/uploads\\\/2026\\\/04\\\/DeadlyDust-Cover.jpg\",\"datePublished\":\"2026-04-27T08:05:39+00:00\",\"dateModified\":\"2026-04-27T08:09:40+00:00\",\"description\":\"M&amp;O Music - Deadly Dust - Alright Heavy Rock Digital M&amp;O Music 472-D\",\"breadcrumb\":{\"@id\":\"https:\\\/\\\/www.m-o-music.com\\\/ESHOP\\\/produit\\\/deadly-dust-alright\\\/#breadcrumb\"},\"inLanguage\":\"fr-FR\",\"potentialAction\":[{\"@type\":\"ReadAction\",\"target\":[\"https:\\\/\\\/www.m-o-music.com\\\/ESHOP\\\/produit\\\/deadly-dust-alright\\\/\"]}]},{\"@type\":\"ImageObject\",\"inLanguage\":\"fr-FR\",\"@id\":\"https:\\\/\\\/www.m-o-music.com\\\/ESHOP\\\/produit\\\/deadly-dust-alright\\\/#primaryimage\",\"url\":\"https:\\\/\\\/www.m-o-music.com\\\/ESHOP\\\/wp-content\\\/uploads\\\/2026\\\/04\\\/DeadlyDust-Cover.jpg\",\"contentUrl\":\"https:\\\/\\\/www.m-o-music.com\\\/ESHOP\\\/wp-content\\\/uploads\\\/2026\\\/04\\\/DeadlyDust-Cover.jpg\",\"width\":1440,\"height\":1440},{\"@type\":\"BreadcrumbList\",\"@id\":\"https:\\\/\\\/www.m-o-music.com\\\/ESHOP\\\/produit\\\/deadly-dust-alright\\\/#breadcrumb\",\"itemListElement\":[{\"@type\":\"ListItem\",\"position\":1,\"name\":\"Accueil\",\"item\":\"https:\\\/\\\/www.m-o-music.com\\\/ESHOP\\\/\"},{\"@type\":\"ListItem\",\"position\":2,\"name\":\"E-SHOP\",\"item\":\"https:\\\/\\\/www.m-o-music.com\\\/ESHOP\\\/\"},{\"@type\":\"ListItem\",\"position\":3,\"name\":\"Deadly Dust &#8211; Alright\"}]},{\"@type\":\"WebSite\",\"@id\":\"https:\\\/\\\/www.m-o-music.com\\\/ESHOP\\\/#website\",\"url\":\"https:\\\/\\\/www.m-o-music.com\\\/ESHOP\\\/\",\"name\":\"M&O Music\",\"description\":\"E-SHOP\",\"publisher\":{\"@id\":\"https:\\\/\\\/www.m-o-music.com\\\/ESHOP\\\/#organization\"},\"alternateName\":\"Boutique du label metal rock\",\"potentialAction\":[{\"@type\":\"SearchAction\",\"target\":{\"@type\":\"EntryPoint\",\"urlTemplate\":\"https:\\\/\\\/www.m-o-music.com\\\/ESHOP\\\/?s={search_term_string}\"},\"query-input\":{\"@type\":\"PropertyValueSpecification\",\"valueRequired\":true,\"valueName\":\"search_term_string\"}}],\"inLanguage\":\"fr-FR\"},{\"@type\":\"Organization\",\"@id\":\"https:\\\/\\\/www.m-o-music.com\\\/ESHOP\\\/#organization\",\"name\":\"M & O Music\",\"alternateName\":\"Label metal rock\",\"url\":\"https:\\\/\\\/www.m-o-music.com\\\/ESHOP\\\/\",\"logo\":{\"@type\":\"ImageObject\",\"inLanguage\":\"fr-FR\",\"@id\":\"https:\\\/\\\/www.m-o-music.com\\\/ESHOP\\\/#\\\/schema\\\/logo\\\/image\\\/\",\"url\":\"https:\\\/\\\/www.m-o-music.com\\\/ESHOP\\\/wp-content\\\/uploads\\\/2020\\\/12\\\/MetO-logo-ss-barres.jpg\",\"contentUrl\":\"https:\\\/\\\/www.m-o-music.com\\\/ESHOP\\\/wp-content\\\/uploads\\\/2020\\\/12\\\/MetO-logo-ss-barres.jpg\",\"width\":1122,\"height\":353,\"caption\":\"M & O Music\"},\"image\":{\"@id\":\"https:\\\/\\\/www.m-o-music.com\\\/ESHOP\\\/#\\\/schema\\\/logo\\\/image\\\/\"}}]}<\/script>\n<!-- \/ Yoast SEO Premium plugin. -->","yoast_head_json":{"title":"M&amp;O Music - Deadly Dust - Alright","description":"M&amp;O Music - Deadly Dust - Alright Heavy Rock Digital M&amp;O Music 472-D","robots":{"index":"index","follow":"follow","max-snippet":"max-snippet:-1","max-image-preview":"max-image-preview:large","max-video-preview":"max-video-preview:-1"},"canonical":"https:\/\/www.m-o-music.com\/ESHOP\/produit\/deadly-dust-alright\/","og_locale":"fr_FR","og_type":"article","og_title":"M&amp;O Music - Deadly Dust - Alright","og_description":"M&amp;O Music - Deadly Dust - Alright Heavy Rock Digital M&amp;O Music 472-D","og_url":"https:\/\/www.m-o-music.com\/ESHOP\/produit\/deadly-dust-alright\/","og_site_name":"M&amp;O Music","article_modified_time":"2026-04-27T08:09:40+00:00","og_image":[{"width":1440,"height":1440,"url":"https:\/\/www.m-o-music.com\/ESHOP\/wp-content\/uploads\/2026\/04\/DeadlyDust-Cover.jpg","type":"image\/jpeg"}],"twitter_card":"summary_large_image","twitter_misc":{"Dur\u00e9e de lecture estim\u00e9e":"2 minutes"},"schema":{"@context":"https:\/\/schema.org","@graph":[{"@type":"WebPage","@id":"https:\/\/www.m-o-music.com\/ESHOP\/produit\/deadly-dust-alright\/","url":"https:\/\/www.m-o-music.com\/ESHOP\/produit\/deadly-dust-alright\/","name":"M&amp;O Music - Deadly Dust - Alright","isPartOf":{"@id":"https:\/\/www.m-o-music.com\/ESHOP\/#website"},"primaryImageOfPage":{"@id":"https:\/\/www.m-o-music.com\/ESHOP\/produit\/deadly-dust-alright\/#primaryimage"},"image":{"@id":"https:\/\/www.m-o-music.com\/ESHOP\/produit\/deadly-dust-alright\/#primaryimage"},"thumbnailUrl":"https:\/\/www.m-o-music.com\/ESHOP\/wp-content\/uploads\/2026\/04\/DeadlyDust-Cover.jpg","datePublished":"2026-04-27T08:05:39+00:00","dateModified":"2026-04-27T08:09:40+00:00","description":"M&amp;O Music - Deadly Dust - Alright Heavy Rock Digital M&amp;O Music 472-D","breadcrumb":{"@id":"https:\/\/www.m-o-music.com\/ESHOP\/produit\/deadly-dust-alright\/#breadcrumb"},"inLanguage":"fr-FR","potentialAction":[{"@type":"ReadAction","target":["https:\/\/www.m-o-music.com\/ESHOP\/produit\/deadly-dust-alright\/"]}]},{"@type":"ImageObject","inLanguage":"fr-FR","@id":"https:\/\/www.m-o-music.com\/ESHOP\/produit\/deadly-dust-alright\/#primaryimage","url":"https:\/\/www.m-o-music.com\/ESHOP\/wp-content\/uploads\/2026\/04\/DeadlyDust-Cover.jpg","contentUrl":"https:\/\/www.m-o-music.com\/ESHOP\/wp-content\/uploads\/2026\/04\/DeadlyDust-Cover.jpg","width":1440,"height":1440},{"@type":"BreadcrumbList","@id":"https:\/\/www.m-o-music.com\/ESHOP\/produit\/deadly-dust-alright\/#breadcrumb","itemListElement":[{"@type":"ListItem","position":1,"name":"Accueil","item":"https:\/\/www.m-o-music.com\/ESHOP\/"},{"@type":"ListItem","position":2,"name":"E-SHOP","item":"https:\/\/www.m-o-music.com\/ESHOP\/"},{"@type":"ListItem","position":3,"name":"Deadly Dust &#8211; Alright"}]},{"@type":"WebSite","@id":"https:\/\/www.m-o-music.com\/ESHOP\/#website","url":"https:\/\/www.m-o-music.com\/ESHOP\/","name":"M&O Music","description":"E-SHOP","publisher":{"@id":"https:\/\/www.m-o-music.com\/ESHOP\/#organization"},"alternateName":"Boutique du label metal rock","potentialAction":[{"@type":"SearchAction","target":{"@type":"EntryPoint","urlTemplate":"https:\/\/www.m-o-music.com\/ESHOP\/?s={search_term_string}"},"query-input":{"@type":"PropertyValueSpecification","valueRequired":true,"valueName":"search_term_string"}}],"inLanguage":"fr-FR"},{"@type":"Organization","@id":"https:\/\/www.m-o-music.com\/ESHOP\/#organization","name":"M & O Music","alternateName":"Label metal rock","url":"https:\/\/www.m-o-music.com\/ESHOP\/","logo":{"@type":"ImageObject","inLanguage":"fr-FR","@id":"https:\/\/www.m-o-music.com\/ESHOP\/#\/schema\/logo\/image\/","url":"https:\/\/www.m-o-music.com\/ESHOP\/wp-content\/uploads\/2020\/12\/MetO-logo-ss-barres.jpg","contentUrl":"https:\/\/www.m-o-music.com\/ESHOP\/wp-content\/uploads\/2020\/12\/MetO-logo-ss-barres.jpg","width":1122,"height":353,"caption":"M & O Music"},"image":{"@id":"https:\/\/www.m-o-music.com\/ESHOP\/#\/schema\/logo\/image\/"}}]}},"_links":{"self":[{"href":"https:\/\/www.m-o-music.com\/ESHOP\/wp-json\/wp\/v2\/product\/5522","targetHints":{"allow":["GET"]}}],"collection":[{"href":"https:\/\/www.m-o-music.com\/ESHOP\/wp-json\/wp\/v2\/product"}],"about":[{"href":"https:\/\/www.m-o-music.com\/ESHOP\/wp-json\/wp\/v2\/types\/product"}],"wp:featuredmedia":[{"embeddable":true,"href":"https:\/\/www.m-o-music.com\/ESHOP\/wp-json\/wp\/v2\/media\/5523"}],"wp:attachment":[{"href":"https:\/\/www.m-o-music.com\/ESHOP\/wp-json\/wp\/v2\/media?parent=5522"}],"wp:term":[{"taxonomy":"product_brand","embeddable":true,"href":"https:\/\/www.m-o-music.com\/ESHOP\/wp-json\/wp\/v2\/product_brand?post=5522"},{"taxonomy":"product_cat","embeddable":true,"href":"https:\/\/www.m-o-music.com\/ESHOP\/wp-json\/wp\/v2\/product_cat?post=5522"},{"taxonomy":"product_tag","embeddable":true,"href":"https:\/\/www.m-o-music.com\/ESHOP\/wp-json\/wp\/v2\/product_tag?post=5522"},{"taxonomy":"wf_product_folders","embeddable":true,"href":"https:\/\/www.m-o-music.com\/ESHOP\/wp-json\/wp\/v2\/wf_product_folders?post=5522"}],"curies":[{"name":"wp","href":"https:\/\/api.w.org\/{rel}","templated":true}]}}