{"id":3,"date":"2024-02-19T16:24:45","date_gmt":"2024-02-19T15:24:45","guid":{"rendered":"https:\/\/www.m-o-music.com\/site\/?page_id=3"},"modified":"2025-11-07T15:28:05","modified_gmt":"2025-11-07T14:28:05","slug":"politique-de-confidentialite","status":"publish","type":"page","link":"https:\/\/www.m-o-music.com\/site\/politique-de-confidentialite\/","title":{"rendered":"Politique de confidentialit\u00e9 \/ RGPD"},"content":{"rendered":"<p><div class=\"fusion-fullwidth fullwidth-box fusion-builder-row-1 fusion-flex-container has-pattern-background has-mask-background nonhundred-percent-fullwidth non-hundred-percent-height-scrolling\" style=\"--awb-border-radius-top-left:0px;--awb-border-radius-top-right:0px;--awb-border-radius-bottom-right:0px;--awb-border-radius-bottom-left:0px;--awb-margin-top:70px;--awb-flex-wrap:wrap;\" ><div class=\"fusion-builder-row fusion-row fusion-flex-align-items-flex-start fusion-flex-content-wrap\" style=\"max-width:1414.4px;margin-left: calc(-4% \/ 2 );margin-right: calc(-4% \/ 2 );\"><div class=\"fusion-layout-column fusion_builder_column fusion-builder-column-0 fusion_builder_column_1_1 1_1 fusion-flex-column\" style=\"--awb-bg-size:cover;--awb-width-large:100%;--awb-margin-top-large:0px;--awb-spacing-right-large:1.92%;--awb-margin-bottom-large:20px;--awb-spacing-left-large:1.92%;--awb-width-medium:100%;--awb-order-medium:0;--awb-spacing-right-medium:1.92%;--awb-spacing-left-medium:1.92%;--awb-width-small:100%;--awb-order-small:0;--awb-spacing-right-small:1.92%;--awb-spacing-left-small:1.92%;\"><div class=\"fusion-column-wrapper fusion-column-has-shadow fusion-flex-justify-content-flex-start fusion-content-layout-column\"><div class=\"fusion-title title fusion-title-1 sep-underline sep-dashed fusion-title-text fusion-title-size-one\" style=\"--awb-margin-top-small:10px;--awb-margin-right-small:0px;--awb-margin-bottom-small:10px;--awb-margin-left-small:0px;\"><h1 class=\"fusion-title-heading title-heading-left fusion-responsive-typography-calculated\" style=\"margin:0;text-transform:capitalize;--fontSize:40;line-height:var(--awb-typography1-line-height);\">MENTIONS L\u00c9GALES \/ RGPD<\/h1><\/div><\/div><\/div><\/div><\/div><div class=\"fusion-fullwidth fullwidth-box fusion-builder-row-2 fusion-flex-container has-pattern-background has-mask-background nonhundred-percent-fullwidth non-hundred-percent-height-scrolling\" style=\"--awb-border-radius-top-left:0px;--awb-border-radius-top-right:0px;--awb-border-radius-bottom-right:0px;--awb-border-radius-bottom-left:0px;--awb-flex-wrap:wrap;\" ><div class=\"fusion-builder-row fusion-row fusion-flex-align-items-flex-start fusion-flex-content-wrap\" style=\"max-width:1414.4px;margin-left: calc(-4% \/ 2 );margin-right: calc(-4% \/ 2 );\"><div class=\"fusion-layout-column fusion_builder_column fusion-builder-column-1 fusion_builder_column_1_1 1_1 fusion-flex-column\" style=\"--awb-bg-size:cover;--awb-width-large:100%;--awb-margin-top-large:0px;--awb-spacing-right-large:1.92%;--awb-margin-bottom-large:20px;--awb-spacing-left-large:1.92%;--awb-width-medium:100%;--awb-order-medium:0;--awb-spacing-right-medium:1.92%;--awb-spacing-left-medium:1.92%;--awb-width-small:100%;--awb-order-small:0;--awb-spacing-right-small:1.92%;--awb-spacing-left-small:1.92%;\"><div class=\"fusion-column-wrapper fusion-column-has-shadow fusion-flex-justify-content-flex-start fusion-content-layout-column\"><div class=\"fusion-text fusion-text-1\"><p><strong>CONDITIONS G\u00c9N\u00c9RALES D\u2019UTILISATION, DE VENTE ET POLITIQUE DE CONFIDENTIALIT\u00c9 \u2013 M&amp;O MUSIC<\/strong><\/p>\n<p>&nbsp;<\/p>\n<p><strong>ACCEPTATION DES CONDITIONS<\/strong><\/p>\n<p>En utilisant le site internet www.m-o-music.com, vous acceptez sans r\u00e9serve les pr\u00e9sentes Conditions G\u00e9n\u00e9rales. Toute utilisation du site implique l\u2019acceptation de ces conditions, qui peuvent \u00eatre mises \u00e0 jour \u00e0 tout moment, avec ou sans pr\u00e9avis. La version la plus r\u00e9cente est toujours disponible sur le site.<\/p>\n<p><strong>PROPRI\u00c9T\u00c9 INTELLECTUELLE<\/strong>\u00a0<\/p>\n<p>La conception, le contenu, la forme, le code source, les images, illustrations, textes et logos pr\u00e9sents sur le site sont la propri\u00e9t\u00e9 exclusive de M&amp;O Music, prot\u00e9g\u00e9e par le droit d\u2019auteur et autres droits de propri\u00e9t\u00e9 intellectuelle. Toute autre utilisation sans autorisation \u00e9crite pr\u00e9alable est strictement interdite.<\/p>\n<p>Certains produits (ex. logiciels) sont soumis \u00e0 des droits d\u2019usage sp\u00e9cifiques. Vous devez respecter les conditions associ\u00e9es \u00e0 ces produits. M&amp;O Music n\u2019est pas responsable des usages non conformes.<\/p>\n<p><strong>RESPONSABILIT\u00c9<\/strong><\/p>\n<p>Le site est fourni \u00ab tel quel \u00bb. Dans la limite permise par la loi, M&amp;O Music ne garantit pas la disponibilit\u00e9, l\u2019absence d\u2019erreurs, ou le fonctionnement des r\u00e9seaux ou logiciels utilis\u00e9s pour acc\u00e9der au site. M&amp;O Music ne peut \u00eatre tenu responsable des dommages directs ou indirects, incluant perte de donn\u00e9es, revenu, profit ou opportunit\u00e9s, li\u00e9s \u00e0 l\u2019utilisation du site ou de ses contenus.<\/p>\n<p>Vous vous engagez \u00e0 d\u00e9fendre et indemniser M&amp;O Music contre toute action ou r\u00e9clamation d\u2019un tiers r\u00e9sultant de votre utilisation du site.<\/p>\n<p><strong>DONN\u00c9ES PERSONNELLES ET VIE PRIV\u00c9E<\/strong><\/p>\n<p>M&amp;O Music s\u2019engage \u00e0 prot\u00e9ger vos donn\u00e9es personnelles conform\u00e9ment au RGPD (R\u00e8glement UE 2016\/679) et \u00e0 la loi Informatique et Libert\u00e9s.<\/p>\n<p>Responsable du traitement : M&amp;O Music \u2013 34000 Montpellier \u2013 France Email :\u00a0<a href=\"mailto:info.music@m-o-music.com\">info@m-o-music.com<\/a><\/p>\n<p><strong>Collecte et utilisation des informations<\/strong>\u00a0:<\/p>\n<p>\u2013 Donn\u00e9es fournies : nom, email, adresse<\/p>\n<p>\u2013 Donn\u00e9es d\u2019utilisation : pages consult\u00e9es, produits visualis\u00e9s, pr\u00e9f\u00e9rences<\/p>\n<p>\u2013 Finalit\u00e9s : traitement des commandes, gestion du compte, pr\u00e9vention des fraudes, am\u00e9lioration de l\u2019exp\u00e9rience, respect des obligations l\u00e9gales<\/p>\n<p><strong>Droits des utilisateurs<\/strong>\u00a0: acc\u00e8s, rectification, suppression, limitation, portabilit\u00e9, opposition et retrait du consentement aux communications marketing. Contact : info@m-o-music.com<\/p>\n<p><strong>Dur\u00e9e de conservation<\/strong>\u00a0: uniquement le temps n\u00e9cessaire aux finalit\u00e9s et obligations l\u00e9gales.<\/p>\n<p><strong>COOKIES<\/strong>\u00a0<\/p>\n<p>Le site utilise des cookies pour am\u00e9liorer votre exp\u00e9rience, mesurer l\u2019audience et personnaliser le contenu. Vous pouvez accepter ou refuser ces cookies via votre navigateur ou le bandeau de consentement.<\/p>\n<p><strong>IDENTIFICATION<\/strong>\u00a0<\/p>\n<p>Le site est \u00e9dit\u00e9 et g\u00e9r\u00e9 par M&amp;O Music. Pour signaler une atteinte \u00e0 vos droits de propri\u00e9t\u00e9 intellectuelle ou pour toute question : info@m-o-music.com<\/p>\n<p><strong>DISPOSITIONS DIVERSES<\/strong><\/p>\n<ul>\n<li>Nullit\u00e9 partielle : si une disposition est jug\u00e9e nulle, les autres restent en vigueur.<\/li>\n<li>Non-renonciation : le fait de ne pas exercer un droit ne vaut pas renonciation.<\/li>\n<li>Loi applicable : droit fran\u00e7ais.<\/li>\n<\/ul>\n<p>&nbsp;<\/p>\n<p>Le site <a href=\"https:\/\/www.m-o-music.com\/\">https:\/\/www.m-o-music.com\/<\/a> est :<\/p>\n<ul>\n<li>100% s\u00e9curis\u00e9 en https<\/li>\n<li>Propri\u00e9taire : M&amp;O Music<\/li>\n<li>\u00c9diteur : M&amp;O Music &amp; <a title=\"creation de site internet\" href=\"https:\/\/nissa-grafik.com\/\" target=\"_blank\" rel=\"noopener\">Nissa-grafik<\/a><\/li>\n<li>Signes distinctifs : Le nom de domaine appartient \u00e0 M&amp;O Music<\/li>\n<li>H\u00e9bergement du site\u00a0:\u00a0<a href=\"https:\/\/www.planethoster.com\/goph-20c12411ef5e390\" target=\"_blank\" rel=\"noopener\">PlanetHoster<\/a><\/li>\n<\/ul>\n<\/div><\/div><\/div><\/div><\/div><div class=\"fusion-fullwidth fullwidth-box fusion-builder-row-3 fusion-flex-container has-pattern-background has-mask-background nonhundred-percent-fullwidth non-hundred-percent-height-scrolling\" style=\"--awb-border-radius-top-left:0px;--awb-border-radius-top-right:0px;--awb-border-radius-bottom-right:0px;--awb-border-radius-bottom-left:0px;--awb-padding-top:0px;--awb-padding-bottom:0px;--awb-margin-top:150px;--awb-margin-bottom:0px;--awb-flex-wrap:wrap;\" ><div class=\"fusion-builder-row fusion-row fusion-flex-align-items-flex-start fusion-flex-content-wrap\" style=\"max-width:1414.4px;margin-left: calc(-4% \/ 2 );margin-right: calc(-4% \/ 2 );\"><div class=\"fusion-layout-column fusion_builder_column fusion-builder-column-2 fusion_builder_column_1_1 1_1 fusion-flex-column\" style=\"--awb-padding-top:0px;--awb-padding-bottom:0px;--awb-bg-size:cover;--awb-width-large:100%;--awb-margin-top-large:0px;--awb-spacing-right-large:1.92%;--awb-margin-bottom-large:0px;--awb-spacing-left-large:1.92%;--awb-width-medium:100%;--awb-order-medium:0;--awb-spacing-right-medium:1.92%;--awb-spacing-left-medium:1.92%;--awb-width-small:100%;--awb-order-small:0;--awb-spacing-right-small:1.92%;--awb-spacing-left-small:1.92%;\" data-scroll-devices=\"small-visibility,medium-visibility,large-visibility\"><div class=\"fusion-column-wrapper fusion-column-has-shadow fusion-flex-justify-content-flex-start fusion-content-layout-column\"><div class=\"fusion-section-separator section-separator music fusion-section-separator-1\" style=\"--awb-spacer-height:297px;--awb-svg-margin-left:1.92%;--awb-svg-margin-right:1.92%;--awb-svg-margin-left-medium:1.92%;--awb-svg-margin-right-medium:1.92%;--awb-svg-margin-left-small:1.92%;--awb-svg-margin-right-small:1.92%;--awb-bg-size:100% 100%;--awb-bg-size-medium:100% 100%;--awb-bg-size-small:100% 100%;--awb-margin-top:0px;--awb-margin-bottom:0px;\"><div class=\"fusion-section-separator-svg\"><div class=\"fusion-music-candy-sep fusion-section-separator-svg-bg\" style=\"background-image:url( data:image\/svg+xml;utf8,%3Csvg%20xmlns%3D%22http%3A%2F%2Fwww.w3.org%2F2000%2Fsvg%22%20version%3D%221.1%22%20width%3D%22100%25%22%20viewBox%3D%220%200%201024%20297%22%20preserveAspectRatio%3D%22none%22%20fill%3D%22rgba%28158%2C66%2C66%2C1%29%22%3E%3Cpath%20d%3D%22M0%20206C0%20201.029%204.02944%20197%209%20197V197C13.9706%20197%2018%20201.029%2018%20206V297H0V206Z%22%2F%3E%0A%09%09%09%09%09%09%09%09%09%09%09%09%09%3Cpath%20d%3D%22M31.03%20154C31.03%20149.029%2035.0595%20145%2040.03%20145V145C45.0006%20145%2049.03%20149.029%2049.03%20154V297H31.03V154Z%22%2F%3E%0A%09%09%09%09%09%09%09%09%09%09%09%09%09%3Cpath%20d%3D%22M62.06%20112C62.06%20107.029%2066.0894%20103%2071.06%20103V103C76.0306%20103%2080.06%20107.029%2080.06%20112V297H62.06V112Z%22%2F%3E%0A%09%09%09%09%09%09%09%09%09%09%09%09%09%3Cpath%20d%3D%22M93.09%20136C93.09%20131.029%2097.1194%20127%20102.09%20127V127C107.061%20127%20111.09%20131.029%20111.09%20136V297H93.09V136Z%22%2F%3E%0A%09%09%09%09%09%09%09%09%09%09%09%09%09%3Cpath%20d%3D%22M124.12%20197C124.12%20192.029%20128.149%20188%20133.12%20188V188C138.091%20188%20142.12%20192.029%20142.12%20197V297H124.12V197Z%22%2F%3E%0A%09%09%09%09%09%09%09%09%09%09%09%09%09%3Cpath%20d%3D%22M155.15%20259C155.15%20254.029%20159.179%20250%20164.15%20250V250C169.121%20250%20173.15%20254.029%20173.15%20259V297H155.15V259Z%22%2F%3E%0A%09%09%09%09%09%09%09%09%09%09%09%09%09%3Cpath%20d%3D%22M186.18%20206C186.18%20201.029%20190.209%20197%20195.18%20197V197C200.151%20197%20204.18%20201.029%20204.18%20206V297H186.18V206Z%22%2F%3E%0A%09%09%09%09%09%09%09%09%09%09%09%09%09%3Cpath%20d%3D%22M217.21%20127C217.21%20122.029%20221.239%20118%20226.21%20118V118C231.181%20118%20235.21%20122.029%20235.21%20127V297H217.21V127Z%22%2F%3E%0A%09%09%09%09%09%09%09%09%09%09%09%09%09%3Cpath%20d%3D%22M248.24%20182C248.24%20177.029%20252.269%20173%20257.24%20173V173C262.211%20173%20266.24%20177.029%20266.24%20182V297H248.24V182Z%22%2F%3E%0A%09%09%09%09%09%09%09%09%09%09%09%09%09%3Cpath%20d%3D%22M279.27%20240C279.27%20235.029%20283.299%20231%20288.27%20231V231C293.241%20231%20297.27%20235.029%20297.27%20240V297H279.27V240Z%22%2F%3E%0A%09%09%09%09%09%09%09%09%09%09%09%09%09%3Cpath%20d%3D%22M310.3%20268C310.3%20263.029%20314.329%20259%20319.3%20259V259C324.271%20259%20328.3%20263.029%20328.3%20268V297H310.3V268Z%22%2F%3E%0A%09%09%09%09%09%09%09%09%09%09%09%09%09%3Cpath%20d%3D%22M341.33%20228C341.33%20223.029%20345.359%20219%20350.33%20219V219C355.301%20219%20359.33%20223.029%20359.33%20228V297H341.33V228Z%22%2F%3E%0A%09%09%09%09%09%09%09%09%09%09%09%09%09%3Cpath%20d%3D%22M372.36%20173C372.36%20168.029%20376.389%20164%20381.36%20164V164C386.331%20164%20390.36%20168.029%20390.36%20173V297H372.36V173Z%22%2F%3E%0A%09%09%09%09%09%09%09%09%09%09%09%09%09%3Cpath%20d%3D%22M403.39%20206C403.39%20201.029%20407.419%20197%20412.39%20197V197C417.361%20197%20421.39%20201.029%20421.39%20206V297H403.39V206Z%22%2F%3E%0A%09%09%09%09%09%09%09%09%09%09%09%09%09%3Cpath%20d%3D%22M434.42%20221C434.42%20216.029%20438.449%20212%20443.42%20212V212C448.391%20212%20452.42%20216.029%20452.42%20221V297H434.42V221Z%22%2F%3E%0A%09%09%09%09%09%09%09%09%09%09%09%09%09%3Cpath%20d%3D%22M465.45%20234C465.45%20229.029%20469.479%20225%20474.45%20225V225C479.421%20225%20483.45%20229.029%20483.45%20234V297H465.45V234Z%22%2F%3E%0A%09%09%09%09%09%09%09%09%09%09%09%09%09%3Cpath%20d%3D%22M496.48%20206C496.48%20201.029%20500.509%20197%20505.48%20197V197C510.451%20197%20514.48%20201.029%20514.48%20206V297H496.48V206Z%22%2F%3E%0A%09%09%09%09%09%09%09%09%09%09%09%09%09%3Cpath%20d%3D%22M527.51%20164C527.51%20159.029%20531.539%20155%20536.51%20155V155C541.481%20155%20545.51%20159.029%20545.51%20164V297H527.51V164Z%22%2F%3E%0A%09%09%09%09%09%09%09%09%09%09%09%09%09%3Cpath%20d%3D%22M558.54%20112C558.54%20107.029%20562.569%20103%20567.54%20103V103C572.511%20103%20576.54%20107.029%20576.54%20112V297H558.54V112Z%22%2F%3E%0A%09%09%09%09%09%09%09%09%09%09%09%09%09%3Cpath%20d%3D%22M589.57%20173C589.57%20168.029%20593.6%20164%20598.57%20164V164C603.541%20164%20607.57%20168.029%20607.57%20173V297H589.57V173Z%22%2F%3E%0A%09%09%09%09%09%09%09%09%09%09%09%09%09%3Cpath%20d%3D%22M620.6%20216C620.6%20211.029%20624.63%20207%20629.6%20207V207C634.571%20207%20638.6%20211.029%20638.6%20216V297H620.6V216Z%22%2F%3E%0A%09%09%09%09%09%09%09%09%09%09%09%09%09%3Cpath%20d%3D%22M651.63%20245C651.63%20240.029%20655.66%20236%20660.63%20236V236C665.601%20236%20669.63%20240.029%20669.63%20245V297H651.63V245Z%22%2F%3E%0A%09%09%09%09%09%09%09%09%09%09%09%09%09%3Cpath%20d%3D%22M682.66%20221C682.66%20216.029%20686.69%20212%20691.66%20212V212C696.631%20212%20700.66%20216.029%20700.66%20221V297H682.66V221Z%22%2F%3E%0A%09%09%09%09%09%09%09%09%09%09%09%09%09%3Cpath%20d%3D%22M713.69%20173C713.69%20168.029%20717.72%20164%20722.69%20164V164C727.661%20164%20731.69%20168.029%20731.69%20173V297H713.69V173Z%22%2F%3E%0A%09%09%09%09%09%09%09%09%09%09%09%09%09%3Cpath%20d%3D%22M744.72%20154C744.72%20149.029%20748.75%20145%20753.72%20145V145C758.691%20145%20762.72%20149.029%20762.72%20154V297H744.72V154Z%22%2F%3E%0A%09%09%09%09%09%09%09%09%09%09%09%09%09%3Cpath%20d%3D%22M775.75%20206C775.75%20201.029%20779.78%20197%20784.75%20197V197C789.721%20197%20793.75%20201.029%20793.75%20206V297H775.75V206Z%22%2F%3E%0A%09%09%09%09%09%09%09%09%09%09%09%09%09%3Cpath%20d%3D%22M806.78%20240C806.78%20235.029%20810.81%20231%20815.78%20231V231C820.751%20231%20824.78%20235.029%20824.78%20240V297H806.78V240Z%22%2F%3E%0A%09%09%09%09%09%09%09%09%09%09%09%09%09%3Cpath%20d%3D%22M837.81%20234C837.81%20229.029%20841.84%20225%20846.81%20225V225C851.781%20225%20855.81%20229.029%20855.81%20234V297H837.81V234Z%22%2F%3E%0A%09%09%09%09%09%09%09%09%09%09%09%09%09%3Cpath%20d%3D%22M868.84%20206C868.84%20201.029%20872.87%20197%20877.84%20197V197C882.811%20197%20886.84%20201.029%20886.84%20206V297H868.84V206Z%22%2F%3E%0A%09%09%09%09%09%09%09%09%09%09%09%09%09%3Cpath%20d%3D%22M899.87%20154C899.87%20149.029%20903.9%20145%20908.87%20145V145C913.841%20145%20917.87%20149.029%20917.87%20154V297H899.87V154Z%22%2F%3E%0A%09%09%09%09%09%09%09%09%09%09%09%09%09%3Cpath%20d%3D%22M930.9%20240C930.9%20235.029%20934.93%20231%20939.9%20231V231C944.871%20231%20948.9%20235.029%20948.9%20240V297H930.9V240Z%22%2F%3E%0A%09%09%09%09%09%09%09%09%09%09%09%09%09%3Cpath%20d%3D%22M961.93%20206C961.93%20201.029%20965.96%20197%20970.93%20197V197C975.901%20197%20979.93%20201.029%20979.93%20206V297H961.93V206Z%22%2F%3E%0A%09%09%09%09%09%09%09%09%09%09%09%09%09%3Cpath%20d%3D%22M992.96%20234C992.96%20229.029%20996.99%20225%201001.96%20225V225C1006.93%20225%201010.96%20229.029%201010.96%20234V297H992.96V234Z%22%2F%3E%0A%09%09%09%09%09%09%09%09%09%09%09%09%09%3Crect%20opacity%3D%220.1%22%20y%3D%22127%22%20width%3D%2218%22%20height%3D%2257%22%20rx%3D%229%22%2F%3E%0A%09%09%09%09%09%09%09%09%09%09%09%09%09%3Crect%20opacity%3D%220.1%22%20x%3D%22496%22%20y%3D%22151%22%20width%3D%2218%22%20height%3D%2233%22%20rx%3D%229%22%2F%3E%0A%09%09%09%09%09%09%09%09%09%09%09%09%09%3Crect%20opacity%3D%220.16%22%20x%3D%22279%22%20y%3D%22115%22%20width%3D%2218%22%20height%3D%2257%22%20rx%3D%229%22%2F%3E%0A%09%09%09%09%09%09%09%09%09%09%09%09%09%3Crect%20opacity%3D%220.1%22%20x%3D%22931%22%20y%3D%22161%22%20width%3D%2218%22%20height%3D%2257%22%20rx%3D%229%22%2F%3E%0A%09%09%09%09%09%09%09%09%09%09%09%09%09%3Crect%20opacity%3D%220.1%22%20x%3D%22124%22%20y%3D%22132%22%20width%3D%2218%22%20height%3D%2243%22%20rx%3D%229%22%2F%3E%0A%09%09%09%09%09%09%09%09%09%09%09%09%09%3Crect%20opacity%3D%220.1%22%20x%3D%22590%22%20y%3D%22108%22%20width%3D%2218%22%20height%3D%2243%22%20rx%3D%229%22%2F%3E%0A%09%09%09%09%09%09%09%09%09%09%09%09%09%3Crect%20opacity%3D%220.1%22%20x%3D%22465%22%20y%3D%22169%22%20width%3D%2218%22%20height%3D%2243%22%20rx%3D%229%22%2F%3E%0A%09%09%09%09%09%09%09%09%09%09%09%09%09%3Crect%20opacity%3D%220.1%22%20x%3D%22310%22%20y%3D%22202%22%20width%3D%2218%22%20height%3D%2243%22%20rx%3D%229%22%2F%3E%0A%09%09%09%09%09%09%09%09%09%09%09%09%09%3Crect%20opacity%3D%220.16%22%20x%3D%2231%22%20y%3D%22103%22%20width%3D%2218%22%20height%3D%2229%22%20rx%3D%229%22%2F%3E%0A%09%09%09%09%09%09%09%09%09%09%09%09%09%3Crect%20opacity%3D%220.1%22%20x%3D%22745%22%20y%3D%2239%22%20width%3D%2218%22%20height%3D%2229%22%20rx%3D%229%22%2F%3E%0A%09%09%09%09%09%09%09%09%09%09%09%09%09%3Crect%20opacity%3D%220.1%22%20x%3D%22652%22%20y%3D%22194%22%20width%3D%2218%22%20height%3D%2229%22%20rx%3D%229%22%2F%3E%0A%09%09%09%09%09%09%09%09%09%09%09%09%09%3Crect%20opacity%3D%220.1%22%20x%3D%22776%22%20y%3D%22155%22%20width%3D%2218%22%20height%3D%2229%22%20rx%3D%229%22%2F%3E%0A%09%09%09%09%09%09%09%09%09%09%09%09%09%3Crect%20opacity%3D%220.16%22%20x%3D%22931%22%20y%3D%22119%22%20width%3D%2218%22%20height%3D%2229%22%20rx%3D%229%22%2F%3E%0A%09%09%09%09%09%09%09%09%09%09%09%09%09%3Crect%20opacity%3D%220.1%22%20x%3D%22528%22%20y%3D%22113%22%20width%3D%2218%22%20height%3D%2229%22%20rx%3D%229%22%2F%3E%0A%09%09%09%09%09%09%09%09%09%09%09%09%09%3Crect%20opacity%3D%220.1%22%20x%3D%22248%22%20y%3D%22131%22%20width%3D%2218%22%20height%3D%2229%22%20rx%3D%229%22%2F%3E%0A%09%09%09%09%09%09%09%09%09%09%09%09%09%3Crect%20opacity%3D%220.16%22%20x%3D%22403%22%20y%3D%22139%22%20width%3D%2218%22%20height%3D%2245%22%20rx%3D%229%22%2F%3E%0A%09%09%09%09%09%09%09%09%09%09%09%09%09%3Crect%20opacity%3D%220.16%22%20x%3D%22186%22%20y%3D%22155%22%20width%3D%2218%22%20height%3D%2229%22%20rx%3D%229%22%2F%3E%0A%09%09%09%09%09%09%09%09%09%09%09%09%09%3Crect%20opacity%3D%220.1%22%20x%3D%22900%22%20y%3D%22103%22%20width%3D%2218%22%20height%3D%2229%22%20rx%3D%229%22%2F%3E%0A%09%09%09%09%09%09%09%09%09%09%09%09%09%3Crect%20opacity%3D%220.1%22%20x%3D%22621%22%20y%3D%22165%22%20width%3D%2218%22%20height%3D%2229%22%20rx%3D%229%22%2F%3E%0A%09%09%09%09%09%09%09%09%09%09%09%09%09%3Crect%20opacity%3D%220.1%22%20x%3D%2231%22%20y%3D%2240%22%20width%3D%2218%22%20height%3D%2245%22%20rx%3D%229%22%2F%3E%0A%09%09%09%09%09%09%09%09%09%09%09%09%09%3Crect%20opacity%3D%220.1%22%20x%3D%22745%22%20y%3D%2286%22%20width%3D%2218%22%20height%3D%2245%22%20rx%3D%229%22%2F%3E%0A%09%09%09%09%09%09%09%09%09%09%09%09%09%3Crect%20opacity%3D%220.16%22%20x%3D%22652%22%20y%3D%22138%22%20width%3D%2218%22%20height%3D%2238%22%20rx%3D%229%22%2F%3E%0A%09%09%09%09%09%09%09%09%09%09%09%09%09%3Crect%20opacity%3D%220.16%22%20x%3D%22776%22%20y%3D%2299%22%20width%3D%2218%22%20height%3D%2238%22%20rx%3D%229%22%2F%3E%0A%09%09%09%09%09%09%09%09%09%09%09%09%09%3Crect%20opacity%3D%220.16%22%20x%3D%22528%22%20y%3D%2250%22%20width%3D%2218%22%20height%3D%2245%22%20rx%3D%229%22%2F%3E%0A%09%09%09%09%09%09%09%09%09%09%09%09%09%3Crect%20opacity%3D%220.1%22%20x%3D%22248%22%20y%3D%2285%22%20width%3D%2218%22%20height%3D%2231%22%20rx%3D%229%22%2F%3E%0A%09%09%09%09%09%09%09%09%09%09%09%09%09%3Crect%20opacity%3D%220.1%22%20x%3D%22186%22%20y%3D%22105%22%20width%3D%2218%22%20height%3D%2234%22%20rx%3D%229%22%2F%3E%0A%09%09%09%09%09%09%09%09%09%09%09%09%09%3Crect%20opacity%3D%220.1%22%20x%3D%22900%22%20y%3D%2253%22%20width%3D%2218%22%20height%3D%2234%22%20rx%3D%229%22%2F%3E%0A%09%09%09%09%09%09%09%09%09%09%09%09%09%3Crect%20opacity%3D%220.1%22%20x%3D%22621%22%20y%3D%22115%22%20width%3D%2218%22%20height%3D%2234%22%20rx%3D%229%22%2F%3E%0A%09%09%09%09%09%09%09%09%09%09%09%09%09%3Crect%20opacity%3D%220.1%22%20x%3D%2293%22%20y%3D%2260%22%20width%3D%2218%22%20height%3D%2253%22%20rx%3D%229%22%2F%3E%0A%09%09%09%09%09%09%09%09%09%09%09%09%09%3Crect%20opacity%3D%220.1%22%20y%3D%2282%22%20width%3D%2218%22%20height%3D%2228%22%20rx%3D%229%22%2F%3E%0A%09%09%09%09%09%09%09%09%09%09%09%09%09%3Crect%20opacity%3D%220.16%22%20x%3D%22496%22%20y%3D%22110%22%20width%3D%2218%22%20height%3D%2228%22%20rx%3D%229%22%2F%3E%0A%09%09%09%09%09%09%09%09%09%09%09%09%09%3Crect%20opacity%3D%220.1%22%20x%3D%22279%22%20y%3D%22189%22%20width%3D%2218%22%20height%3D%2228%22%20rx%3D%229%22%2F%3E%0A%09%09%09%09%09%09%09%09%09%09%09%09%09%3Crect%20opacity%3D%220.1%22%20x%3D%22683%22%20y%3D%22171%22%20width%3D%2218%22%20height%3D%2228%22%20rx%3D%229%22%2F%3E%0A%09%09%09%09%09%09%09%09%09%09%09%09%09%3Crect%20opacity%3D%220.16%22%20x%3D%22124%22%20y%3D%2284%22%20width%3D%2218%22%20height%3D%2228%22%20rx%3D%229%22%2F%3E%0A%09%09%09%09%09%09%09%09%09%09%09%09%09%3Crect%20opacity%3D%220.16%22%20x%3D%22838%22%20y%3D%22184%22%20width%3D%2218%22%20height%3D%2228%22%20rx%3D%229%22%2F%3E%0A%09%09%09%09%09%09%09%09%09%09%09%09%09%3Crect%20opacity%3D%220.1%22%20x%3D%22838%22%20y%3D%22133%22%20width%3D%2218%22%20height%3D%2239%22%20rx%3D%229%22%2F%3E%0A%09%09%09%09%09%09%09%09%09%09%09%09%09%3Crect%20opacity%3D%220.1%22%20x%3D%22590%22%20y%3D%2260%22%20width%3D%2218%22%20height%3D%2228%22%20rx%3D%229%22%2F%3E%0A%09%09%09%09%09%09%09%09%09%09%09%09%09%3Crect%20opacity%3D%220.1%22%20x%3D%22310%22%20y%3D%22154%22%20width%3D%2218%22%20height%3D%2228%22%20rx%3D%229%22%2F%3E%0A%09%09%09%09%09%09%09%09%09%09%09%09%09%3Crect%20opacity%3D%220.1%22%20x%3D%2262%22%20y%3D%2240%22%20width%3D%2218%22%20height%3D%2250%22%20rx%3D%229%22%2F%3E%0A%09%09%09%09%09%09%09%09%09%09%09%09%09%3Crect%20opacity%3D%220.1%22%20x%3D%22714%22%20y%3D%2268%22%20width%3D%2218%22%20height%3D%2250%22%20rx%3D%229%22%2F%3E%0A%09%09%09%09%09%09%09%09%09%09%09%09%09%3Crect%20opacity%3D%220.1%22%20x%3D%22559%22%20y%3D%2229%22%20width%3D%2218%22%20height%3D%2261%22%20rx%3D%229%22%2F%3E%0A%09%09%09%09%09%09%09%09%09%09%09%09%09%3Crect%20opacity%3D%220.1%22%20x%3D%22341%22%20y%3D%22156%22%20width%3D%2218%22%20height%3D%2250%22%20rx%3D%229%22%2F%3E%0A%09%09%09%09%09%09%09%09%09%09%09%09%09%3Crect%20opacity%3D%220.1%22%20x%3D%22807%22%20y%3D%22168%22%20width%3D%2218%22%20height%3D%2250%22%20rx%3D%229%22%2F%3E%0A%09%09%09%09%09%09%09%09%09%09%09%09%09%3Crect%20opacity%3D%220.1%22%20x%3D%22217%22%20y%3D%2248%22%20width%3D%2218%22%20height%3D%2257%22%20rx%3D%229%22%2F%3E%0A%09%09%09%09%09%09%09%09%09%09%09%09%09%3Crect%20opacity%3D%220.16%22%20x%3D%22993%22%20y%3D%22137%22%20width%3D%2218%22%20height%3D%2275%22%20rx%3D%229%22%2F%3E%0A%09%09%09%09%09%09%09%09%09%09%09%09%09%3Crect%20opacity%3D%220.1%22%20x%3D%22372%22%20y%3D%2285%22%20width%3D%2218%22%20height%3D%2266%22%20rx%3D%229%22%2F%3E%0A%09%09%09%09%09%09%09%09%09%09%09%09%09%3Crect%20opacity%3D%220.1%22%20x%3D%22869%22%20y%3D%22118%22%20width%3D%2218%22%20height%3D%2266%22%20rx%3D%229%22%2F%3E%0A%09%09%09%09%09%09%09%09%09%09%09%09%09%3Crect%20opacity%3D%220.1%22%20x%3D%22155%22%20y%3D%22143%22%20width%3D%2218%22%20height%3D%2259%22%20rx%3D%229%22%2F%3E%0A%09%09%09%09%09%09%09%09%09%09%09%09%09%3Crect%20opacity%3D%220.1%22%20x%3D%22962%22%20y%3D%2290%22%20width%3D%2218%22%20height%3D%2259%22%20rx%3D%229%22%2F%3E%0A%09%09%09%09%09%09%09%09%09%09%09%09%09%3Crect%20opacity%3D%220.1%22%20x%3D%2262%22%20y%3D%224%22%20width%3D%2218%22%20height%3D%2218%22%20rx%3D%229%22%2F%3E%0A%09%09%09%09%09%09%09%09%09%09%09%09%09%3Crect%20opacity%3D%220.1%22%20x%3D%22714%22%20y%3D%22133%22%20width%3D%2218%22%20height%3D%2218%22%20rx%3D%229%22%2F%3E%0A%09%09%09%09%09%09%09%09%09%09%09%09%09%3Crect%20opacity%3D%220.1%22%20x%3D%22559%22%20width%3D%2218%22%20height%3D%2218%22%20rx%3D%229%22%2F%3E%0A%09%09%09%09%09%09%09%09%09%09%09%09%09%3Crect%20opacity%3D%220.1%22%20x%3D%22341%22%20y%3D%22120%22%20width%3D%2218%22%20height%3D%2218%22%20rx%3D%229%22%2F%3E%0A%09%09%09%09%09%09%09%09%09%09%09%09%09%3Crect%20opacity%3D%220.1%22%20x%3D%22807%22%20y%3D%22132%22%20width%3D%2218%22%20height%3D%2218%22%20rx%3D%229%22%2F%3E%0A%09%09%09%09%09%09%09%09%09%09%09%09%09%3Crect%20opacity%3D%220.1%22%20x%3D%22869%22%20y%3D%2289%22%20width%3D%2218%22%20height%3D%2218%22%20rx%3D%229%22%2F%3E%0A%09%09%09%09%09%09%09%09%09%09%09%09%09%3Crect%20opacity%3D%220.1%22%20x%3D%22155%22%20y%3D%22219%22%20width%3D%2218%22%20height%3D%2218%22%20rx%3D%229%22%2F%3E%0A%09%09%09%09%09%09%09%09%09%09%09%09%09%3Crect%20opacity%3D%220.1%22%20x%3D%22962%22%20y%3D%22166%22%20width%3D%2218%22%20height%3D%2218%22%20rx%3D%229%22%2F%3E%0A%09%09%09%09%09%09%09%09%09%09%09%09%09%3Crect%20opacity%3D%220.16%22%20x%3D%22434%22%20y%3D%22181%22%20width%3D%2218%22%20height%3D%2218%22%20rx%3D%229%22%2F%3E%3C%2Fsvg%3E );height:297px;\"><\/div><\/div><div class=\"fusion-section-separator-spacer\"><div class=\"fusion-section-separator-spacer-height\"><\/div><\/div><\/div><\/div><\/div><\/div><\/div><\/p>\n","protected":false},"excerpt":{"rendered":"","protected":false},"author":1,"featured_media":0,"parent":0,"menu_order":0,"comment_status":"closed","ping_status":"closed","template":"100-width.php","meta":{"_monsterinsights_skip_tracking":false,"_monsterinsights_sitenote_active":false,"_monsterinsights_sitenote_note":"","_monsterinsights_sitenote_category":0,"footnotes":""},"class_list":["post-3","page","type-page","status-publish","hentry"],"aioseo_notices":[],"_links":{"self":[{"href":"https:\/\/www.m-o-music.com\/site\/wp-json\/wp\/v2\/pages\/3","targetHints":{"allow":["GET"]}}],"collection":[{"href":"https:\/\/www.m-o-music.com\/site\/wp-json\/wp\/v2\/pages"}],"about":[{"href":"https:\/\/www.m-o-music.com\/site\/wp-json\/wp\/v2\/types\/page"}],"author":[{"embeddable":true,"href":"https:\/\/www.m-o-music.com\/site\/wp-json\/wp\/v2\/users\/1"}],"replies":[{"embeddable":true,"href":"https:\/\/www.m-o-music.com\/site\/wp-json\/wp\/v2\/comments?post=3"}],"version-history":[{"count":5,"href":"https:\/\/www.m-o-music.com\/site\/wp-json\/wp\/v2\/pages\/3\/revisions"}],"predecessor-version":[{"id":1159,"href":"https:\/\/www.m-o-music.com\/site\/wp-json\/wp\/v2\/pages\/3\/revisions\/1159"}],"wp:attachment":[{"href":"https:\/\/www.m-o-music.com\/site\/wp-json\/wp\/v2\/media?parent=3"}],"curies":[{"name":"wp","href":"https:\/\/api.w.org\/{rel}","templated":true}]}}