{"id":789,"date":"2025-02-24T15:23:15","date_gmt":"2025-02-24T14:23:15","guid":{"rendered":"https:\/\/www.m-o-music.com\/site\/?page_id=789"},"modified":"2025-02-24T15:27:09","modified_gmt":"2025-02-24T14:27:09","slug":"mo-music-le-label-independant-qui-fait-briller-la-scene-pop-rock-et-metal","status":"publish","type":"page","link":"https:\/\/www.m-o-music.com\/site\/mo-music-le-label-independant-qui-fait-briller-la-scene-pop-rock-et-metal\/","title":{"rendered":"M&#038;O MUSIC : Le Label Ind\u00e9pendant Qui Fait Briller la Sc\u00e8ne Pop, Rock et Metal"},"content":{"rendered":"<div class=\"fusion-fullwidth fullwidth-box fusion-builder-row-1 fusion-flex-container has-pattern-background has-mask-background nonhundred-percent-fullwidth non-hundred-percent-height-scrolling\" style=\"--awb-border-radius-top-left:0px;--awb-border-radius-top-right:0px;--awb-border-radius-bottom-right:0px;--awb-border-radius-bottom-left:0px;--awb-margin-top:70px;--awb-flex-wrap:wrap;\" ><div class=\"fusion-builder-row fusion-row fusion-flex-align-items-flex-start fusion-flex-content-wrap\" style=\"max-width:1414.4px;margin-left: calc(-4% \/ 2 );margin-right: calc(-4% \/ 2 );\"><div class=\"fusion-layout-column fusion_builder_column fusion-builder-column-0 fusion_builder_column_1_1 1_1 fusion-flex-column\" style=\"--awb-bg-size:cover;--awb-width-large:100%;--awb-margin-top-large:0px;--awb-spacing-right-large:1.92%;--awb-margin-bottom-large:20px;--awb-spacing-left-large:1.92%;--awb-width-medium:100%;--awb-order-medium:0;--awb-spacing-right-medium:1.92%;--awb-spacing-left-medium:1.92%;--awb-width-small:100%;--awb-order-small:0;--awb-spacing-right-small:1.92%;--awb-spacing-left-small:1.92%;\"><div class=\"fusion-column-wrapper fusion-column-has-shadow fusion-flex-justify-content-flex-start fusion-content-layout-column\"><div class=\"fusion-text fusion-text-1\"><h1 style=\"text-align: justify;\" data-pm-slice=\"0 0 &#091;&#093;\"><span style=\"font-size: 14pt;\"><strong>M&amp;O MUSIC : Le Label Ind\u00e9pendant Qui Fait Briller la Sc\u00e8ne Pop, Rock et Metal Fran\u00e7aise<\/strong><\/span><\/h1>\n<p style=\"text-align: justify;\">Dans un paysage musical en perp\u00e9tuelle \u00e9volution, o\u00f9 les artistes ind\u00e9pendants peinent parfois \u00e0 se faire entendre, un label tire son \u00e9pingle du jeu et impose sa marque : <strong>M&amp;O MUSIC<\/strong>. V\u00e9ritable fer de lance de la sc\u00e8ne <strong>pop, rock et <a title=\"pavillon666 - metal rock webzine\" href=\"https:\/\/www.pavillon666.fr\/webzine\/\" target=\"_blank\" rel=\"noopener\"><span style=\"text-decoration: underline;\">metal<\/span><\/a><\/strong> en France, ce label ind\u00e9pendant s&rsquo;est impos\u00e9 comme une r\u00e9f\u00e9rence incontournable pour les artistes en qu\u00eate de visibilit\u00e9 et de professionnalisme.<\/p>\n<h2 style=\"text-align: justify;\"><span style=\"font-size: 14pt;\">Un Engagement Fort pour la Sc\u00e8ne Fran\u00e7aise<\/span><\/h2>\n<p style=\"text-align: justify;\">Cr\u00e9\u00e9 avec la passion de la musique et le d\u00e9sir d&rsquo;accompagner des talents prometteurs, <strong>M&amp;O MUSIC<\/strong> s\u2019est donn\u00e9 pour mission de <strong>promouvoir et diffuser la musique ind\u00e9pendante<\/strong>. Il offre aux artistes une plateforme unique pour faire entendre leur voix, que ce soit en <strong>production, distribution, promotion ou management<\/strong>.<\/p>\n<p style=\"text-align: justify;\">Gr\u00e2ce \u00e0 un r\u00e9seau solide et une expertise reconnue, le label assure une <strong>pr\u00e9sence nationale et internationale<\/strong> \u00e0 ses artistes, leur permettant d&rsquo;atteindre un public toujours plus large. Que vous soyez un groupe \u00e9mergent ou un artiste confirm\u00e9, <strong>M&amp;O MUSIC<\/strong> met tout en \u0153uvre pour vous offrir une exposition de qualit\u00e9, adapt\u00e9e \u00e0 vos ambitions.<\/p>\n<h3 style=\"text-align: justify;\">Une Philosophie Ax\u00e9e sur la Passion et l\u2019Authenticit\u00e9<\/h3>\n<p style=\"text-align: justify;\">Contrairement aux majors qui privil\u00e9gient souvent les tendances commerciales, <strong>M&amp;O MUSIC<\/strong> se distingue par son <strong>engagement authentique envers la musique<\/strong> et ses artistes. Chaque projet est accompagn\u00e9 avec une attention particuli\u00e8re, garantissant <strong>une approche personnalis\u00e9e et humaine<\/strong>.<\/p>\n<p style=\"text-align: justify;\">Le label collabore avec des groupes issus de divers horizons, du <strong>rock alternatif au metal extr\u00eame<\/strong>, en passant par la <strong>pop \u00e9nergique et les sonorit\u00e9s modernes<\/strong>. Ce spectre large permet \u00e0 <strong>M&amp;O MUSIC<\/strong> de jouer un r\u00f4le cl\u00e9 dans le dynamisme de la sc\u00e8ne ind\u00e9pendante fran\u00e7aise, en mettant en avant des talents qui m\u00e9ritent d\u2019\u00eatre d\u00e9couverts.<\/p>\n<h3 style=\"text-align: justify;\">Une Force de Promotion In\u00e9gal\u00e9e<\/h3>\n<p style=\"text-align: justify;\">Avec une <strong>strat\u00e9gie de communication efficace<\/strong>, <strong>M&amp;O MUSIC<\/strong> assure une promotion optimale aux artistes qu\u2019il soutient. Le label travaille en partenariat avec <strong>les m\u00e9dias sp\u00e9cialis\u00e9s, les radios, les plateformes de streaming et les organisateurs de concerts<\/strong> pour maximiser la visibilit\u00e9 de ses artistes. De plus, il propose des services adapt\u00e9s aux besoins sp\u00e9cifiques de chaque projet, allant de la <strong>distribution digitale et physique<\/strong> \u00e0 l\u2019accompagnement <strong>marketing et promotionnel<\/strong>.<\/p>\n<h3 style=\"text-align: justify;\">Rejoindre la Famille M&amp;O MUSIC<\/h3>\n<p style=\"text-align: justify;\">Pour les artistes en qu\u00eate d\u2019un partenaire de confiance, <strong>M&amp;O MUSIC<\/strong> est bien plus qu\u2019un simple label : c\u2019est une <strong>v\u00e9ritable famille artistique<\/strong> o\u00f9 chaque talent peut s\u2019\u00e9panouir pleinement.<\/p>\n<p style=\"text-align: justify;\">Si vous \u00eates un artiste ou un groupe \u00e9voluant dans l\u2019univers <strong>pop, rock ou metal<\/strong>, et que vous souhaitez donner un nouvel \u00e9lan \u00e0 votre carri\u00e8re, <strong>M&amp;O MUSIC est la structure id\u00e9ale pour vous accompagner<\/strong>. N\u2019h\u00e9sitez pas \u00e0 les contacter et \u00e0 soumettre votre projet pour une collaboration qui pourrait changer votre parcours musical.<\/p>\n<p style=\"text-align: justify;\"><strong>M&amp;O MUSIC<\/strong> : La passion de la musique ind\u00e9pendante, au service des artistes et du public !<\/p>\n<p style=\"text-align: justify;\">Groupes, <a title=\"M&amp;O MUSIC : Le Label Ind\u00e9pendant\" href=\"https:\/\/www.m-o-music.com\/site\/contacts\/contacts-groupes\/\"><em><span style=\"text-decoration: underline;\">rejoignez nous ICI<\/span><\/em><\/a><\/p>\n<hr \/>\n<p style=\"text-align: justify;\">Promotion, management &amp; booking de groupe :\u00a0 <a title=\"Promotion, management &amp; booking de groupe\" href=\"https:\/\/www.m-o-office.com\/site\/\" target=\"_blank\" rel=\"noopener\"><span style=\"text-decoration: underline;\">M&amp;O OFFICE<\/span><\/a><\/p>\n<\/div><\/div><\/div><\/div><\/div>\n","protected":false},"excerpt":{"rendered":"","protected":false},"author":1,"featured_media":449,"parent":0,"menu_order":0,"comment_status":"closed","ping_status":"closed","template":"100-width.php","meta":{"_monsterinsights_skip_tracking":false,"_monsterinsights_sitenote_active":false,"_monsterinsights_sitenote_note":"","_monsterinsights_sitenote_category":0,"footnotes":""},"class_list":["post-789","page","type-page","status-publish","has-post-thumbnail","hentry"],"aioseo_notices":[],"_links":{"self":[{"href":"https:\/\/www.m-o-music.com\/site\/wp-json\/wp\/v2\/pages\/789","targetHints":{"allow":["GET"]}}],"collection":[{"href":"https:\/\/www.m-o-music.com\/site\/wp-json\/wp\/v2\/pages"}],"about":[{"href":"https:\/\/www.m-o-music.com\/site\/wp-json\/wp\/v2\/types\/page"}],"author":[{"embeddable":true,"href":"https:\/\/www.m-o-music.com\/site\/wp-json\/wp\/v2\/users\/1"}],"replies":[{"embeddable":true,"href":"https:\/\/www.m-o-music.com\/site\/wp-json\/wp\/v2\/comments?post=789"}],"version-history":[{"count":0,"href":"https:\/\/www.m-o-music.com\/site\/wp-json\/wp\/v2\/pages\/789\/revisions"}],"wp:featuredmedia":[{"embeddable":true,"href":"https:\/\/www.m-o-music.com\/site\/wp-json\/wp\/v2\/media\/449"}],"wp:attachment":[{"href":"https:\/\/www.m-o-music.com\/site\/wp-json\/wp\/v2\/media?parent=789"}],"curies":[{"name":"wp","href":"https:\/\/api.w.org\/{rel}","templated":true}]}}